{"id":3432,"date":"2019-04-06T20:36:29","date_gmt":"2019-04-06T20:36:29","guid":{"rendered":"https:\/\/end.pt\/pt\/?post_type=product&#038;p=3432"},"modified":"2021-05-02T17:10:06","modified_gmt":"2021-05-02T17:10:06","slug":"marcador-industrial-pro-line-ht","status":"publish","type":"product","link":"https:\/\/end.pt\/pt\/product\/marcador-industrial-pro-line-ht\/","title":{"rendered":"Marcador Industrial PRO-LINE HT"},"content":{"rendered":"<p>O marcador industrial PRO-LINE HT, \u00e9 um marcador de tinta l\u00edquida \u00fanico, desenhado com tecnologia de topo <strong><em>PrismaLock<\/em><\/strong><strong><sup>TM<\/sup><\/strong>, que torna marca\u00e7\u00f5es n\u00edtidas, vis\u00edveis e resistentes a temperaturas at\u00e9 982\u00baC (1.800\u00baF). Utilizando pigmentos e resinas especiais, esta tinta de secagem r\u00e1pida oferece uma durabilidade e legibilidade de marca\u00e7\u00e3o sem paralelo, com algumas cores a reterem uma marca\u00e7\u00e3o facilmente leg\u00edvel at\u00e9 1.204\u00baC (2.200\u00baF).<\/p>\n<p>Marcador com tamanho de marca\u00e7\u00e3o de 3mm, dispon\u00edvel em embalagens de 12 ou 48 unidades, com as seguintes cores:<\/p>\n<ul>\n<li>Marcador de tinta l\u00edquida, de secagem r\u00e1pida, para resist\u00eancia a altas temperaturas.<\/li>\n<li>Desenhado com tecnologia PrismaLockTM para marca\u00e7\u00f5es a cores de longa dura\u00e7\u00e3o at\u00e9 982\u00baC (1.800\u00baF).<\/li>\n<li>Gama de temperaturas de marca\u00e7\u00e3o: -46\u00baC a 66\u00baC<\/li>\n<li>Legibilidade m\u00e1xima de marca\u00e7\u00e3o<\/li>\n<li>Branco: 1.148\u00baC (2.100\u00baF)<\/li>\n<li>Amarelo: 1.148\u00baC (2.100\u00baF)<\/li>\n<li>Preto: 1.204\u00baC (2.200\u00baF)<\/li>\n<li>Azul: 1.093\u00baC (2.000\u00baF)<\/li>\n<li>Tinta sem Xileno, reduz os riscos para os utilizadores e entra em conformidade com v\u00e1rias normas de sa\u00fade internacionais.<\/li>\n<\/ul>\n","protected":false},"excerpt":{"rendered":"<p style=\"text-align: center;\"><a href=\"https:\/\/end.pt\/catalogo\/Marcador Industrial PRO-LINE HT.pdf\" target=\"_blank\" rel=\"noopener noreferrer\">Download de Catalogo<\/a><\/p>\n<p style=\"text-align: center;\">(precisa do plugin do Acrobat Reader instalado)<\/p>\n","protected":false},"featured_media":3435,"template":"","meta":{"_mi_skip_tracking":false},"product_cat":[50],"product_tag":[],"class_list":["post-3432","product","type-product","status-publish","has-post-thumbnail","hentry","product_cat-marcadores-industriais"],"_links":{"self":[{"href":"https:\/\/end.pt\/pt\/wp-json\/wp\/v3\/product\/3432","targetHints":{"allow":["GET"]}}],"collection":[{"href":"https:\/\/end.pt\/pt\/wp-json\/wp\/v3\/product"}],"about":[{"href":"https:\/\/end.pt\/pt\/wp-json\/wp\/v2\/types\/product"}],"version-history":[{"count":2,"href":"https:\/\/end.pt\/pt\/wp-json\/wp\/v3\/product\/3432\/revisions"}],"predecessor-version":[{"id":5052,"href":"https:\/\/end.pt\/pt\/wp-json\/wp\/v3\/product\/3432\/revisions\/5052"}],"wp:featuredmedia":[{"embeddable":true,"href":"https:\/\/end.pt\/pt\/wp-json\/wp\/v2\/media\/3435"}],"wp:attachment":[{"href":"https:\/\/end.pt\/pt\/wp-json\/wp\/v2\/media?parent=3432"}],"wp:term":[{"taxonomy":"product_cat","embeddable":true,"href":"https:\/\/end.pt\/pt\/wp-json\/wp\/v2\/product_cat?post=3432"},{"taxonomy":"product_tag","embeddable":true,"href":"https:\/\/end.pt\/pt\/wp-json\/wp\/v2\/product_tag?post=3432"}],"curies":[{"name":"wp","href":"https:\/\/api.w.org\/{rel}","templated":true}]}}