{"id":3437,"date":"2019-04-06T20:43:01","date_gmt":"2019-04-06T20:43:01","guid":{"rendered":"https:\/\/end.pt\/pt\/?post_type=product&#038;p=3437"},"modified":"2021-05-02T17:09:28","modified_gmt":"2021-05-02T17:09:28","slug":"marcador-industrial-pro-line-wp","status":"publish","type":"product","link":"https:\/\/end.pt\/pt\/product\/marcador-industrial-pro-line-wp\/","title":{"rendered":"Marcador Industrial PRO-LINE WP"},"content":{"rendered":"<p>O marcador industrial PRO-LINE WP, \u00e9 um marcador de tinta l\u00edquida desenvolvido para marca\u00e7\u00e3o com desempenho superior em superf\u00edcies molhadas. A f\u00f3rmula de secagem r\u00e1pida resiste a espalhamento e escorrimento quando em contacto com \u00e1gua ou fluidos baseados em \u00e1gua, de modo a deixar uma marca\u00e7\u00e3o n\u00edtida e permanente.<\/p>\n<p>Marcador com tamanho de marca\u00e7\u00e3o de 3mm, dispon\u00edvel em embalagens de 12 ou 48 unidades, com as seguintes cores:<\/p>\n<ul>\n<li>F\u00f3rmula de tinta especial resiste ao espalhamento e escorrimento em superf\u00edcies molhadas ou h\u00famidas, para deixar marca\u00e7\u00f5es permanente altamente vis\u00edveis.<\/li>\n<li>Tinta sem Xileno, reduz os riscos de sa\u00fade para os utilizadores e entra em conformidade com v\u00e1rias normas de sa\u00fade internacionais.<\/li>\n<li>Baixo teor de V.O.C.s (compostos org\u00e2nicos vol\u00e1teis), n\u00e3o ir\u00e1 contribuir para o ozono.<\/li>\n<li>Estrutura de metal e ponta de fibra garantem resist\u00eancia, aumentando a vida dos marcadores.<\/li>\n<li>Gama de temperaturas de marca\u00e7\u00e3o: -46\u00baC a 66\u00baC<\/li>\n<\/ul>\n","protected":false},"excerpt":{"rendered":"<p style=\"text-align: center;\"><a href=\"https:\/\/end.pt\/catalogo\/Marcador Industrial PRO-LINE WP.pdf\" target=\"_blank\" rel=\"noopener noreferrer\">Download de Catalogo<\/a><\/p>\n<p style=\"text-align: center;\">(precisa do plugin do Acrobat Reader instalado)<\/p>\n","protected":false},"featured_media":3440,"template":"","meta":{"_mi_skip_tracking":false},"product_cat":[50],"product_tag":[],"class_list":["post-3437","product","type-product","status-publish","has-post-thumbnail","hentry","product_cat-marcadores-industriais"],"_links":{"self":[{"href":"https:\/\/end.pt\/pt\/wp-json\/wp\/v3\/product\/3437","targetHints":{"allow":["GET"]}}],"collection":[{"href":"https:\/\/end.pt\/pt\/wp-json\/wp\/v3\/product"}],"about":[{"href":"https:\/\/end.pt\/pt\/wp-json\/wp\/v2\/types\/product"}],"version-history":[{"count":4,"href":"https:\/\/end.pt\/pt\/wp-json\/wp\/v3\/product\/3437\/revisions"}],"predecessor-version":[{"id":5051,"href":"https:\/\/end.pt\/pt\/wp-json\/wp\/v3\/product\/3437\/revisions\/5051"}],"wp:featuredmedia":[{"embeddable":true,"href":"https:\/\/end.pt\/pt\/wp-json\/wp\/v2\/media\/3440"}],"wp:attachment":[{"href":"https:\/\/end.pt\/pt\/wp-json\/wp\/v2\/media?parent=3437"}],"wp:term":[{"taxonomy":"product_cat","embeddable":true,"href":"https:\/\/end.pt\/pt\/wp-json\/wp\/v2\/product_cat?post=3437"},{"taxonomy":"product_tag","embeddable":true,"href":"https:\/\/end.pt\/pt\/wp-json\/wp\/v2\/product_tag?post=3437"}],"curies":[{"name":"wp","href":"https:\/\/api.w.org\/{rel}","templated":true}]}}