{"id":3444,"date":"2019-04-06T20:47:57","date_gmt":"2019-04-06T20:47:57","guid":{"rendered":"https:\/\/end.pt\/pt\/?post_type=product&#038;p=3444"},"modified":"2021-05-02T17:08:57","modified_gmt":"2021-05-02T17:08:57","slug":"marcador-industrial-pro-line-xt","status":"publish","type":"product","link":"https:\/\/end.pt\/pt\/product\/marcador-industrial-pro-line-xt\/","title":{"rendered":"Marcador Industrial PRO-LINE XT"},"content":{"rendered":"<p>O marcador industrial PRO-LINE XT, \u00e9 um marcador de tinta l\u00edquida desenvolvido para o definitivo desempenho de marca\u00e7\u00e3o em superf\u00edcies \u00e1speras, rugosas, enferrujadas e sujas, e utiliza uma resina de esmalte para fornecer uma resist\u00eancia melhorada ao desgaste, qu\u00edmicos, e condi\u00e7\u00f5es meteorol\u00f3gicas. A f\u00f3rmula de secagem r\u00e1pida da tinta liga-se rapidamente aos materiais, para deixar uma marca\u00e7\u00e3o n\u00edtida e altamente vis\u00edvel, livre de Xilenos e outros qu\u00edmicos nocivos para reduzir os riscos de sa\u00fade ao utilizador..<\/p>\n<p>Marcador com tamanho de marca\u00e7\u00e3o de 3mm, dispon\u00edvel em embalagens de 12 ou 48 unidades, com as seguintes cores:<\/p>\n<ul>\n<li>Projectado para marca\u00e7\u00e3o cont\u00ednua e altamente vis\u00edvel em superf\u00edcies dif\u00edceis, enferrujadas e sujas.<\/li>\n<li>Tinta de esmalte para extrema durabilidade e resist\u00eancia melhorada ao desgaste, qu\u00edmicos, e condi\u00e7\u00f5es meteorol\u00f3gicas.<\/li>\n<li>Dispon\u00edvel em 14 cores n\u00edtidas e de secagem r\u00e1pida para utiliza\u00e7\u00e3o imediata e tempo de paragem reduzido.<\/li>\n<li>Tinta sem Xileno, reduz os riscos para os utilizadores e entra em conformidade com v\u00e1rias normas de sa\u00fade internacionais.<\/li>\n<li>Estrutura de metal e ponta resistente reduzem rupturas e quebras, aumentando a vida dos marcadores. Tampa com clip, f\u00e1cil de prender e guardar<\/li>\n<li>Gama de temperaturas de marca\u00e7\u00e3o: -46\u00baC a 66\u00baC<\/li>\n<\/ul>\n","protected":false},"excerpt":{"rendered":"<p style=\"text-align: center;\"><a href=\"https:\/\/end.pt\/catalogo\/Marcador Industrial PRO-LINE XT.pdf\" target=\"_blank\" rel=\"noopener noreferrer\">Download de Catalogo<\/a><\/p>\n<p style=\"text-align: center;\">(precisa do plugin do Acrobat Reader instalado)<\/p>\n","protected":false},"featured_media":3447,"template":"","meta":{"_mi_skip_tracking":false},"product_cat":[50],"product_tag":[],"class_list":["post-3444","product","type-product","status-publish","has-post-thumbnail","hentry","product_cat-marcadores-industriais"],"_links":{"self":[{"href":"https:\/\/end.pt\/pt\/wp-json\/wp\/v3\/product\/3444","targetHints":{"allow":["GET"]}}],"collection":[{"href":"https:\/\/end.pt\/pt\/wp-json\/wp\/v3\/product"}],"about":[{"href":"https:\/\/end.pt\/pt\/wp-json\/wp\/v2\/types\/product"}],"version-history":[{"count":3,"href":"https:\/\/end.pt\/pt\/wp-json\/wp\/v3\/product\/3444\/revisions"}],"predecessor-version":[{"id":5050,"href":"https:\/\/end.pt\/pt\/wp-json\/wp\/v3\/product\/3444\/revisions\/5050"}],"wp:featuredmedia":[{"embeddable":true,"href":"https:\/\/end.pt\/pt\/wp-json\/wp\/v2\/media\/3447"}],"wp:attachment":[{"href":"https:\/\/end.pt\/pt\/wp-json\/wp\/v2\/media?parent=3444"}],"wp:term":[{"taxonomy":"product_cat","embeddable":true,"href":"https:\/\/end.pt\/pt\/wp-json\/wp\/v2\/product_cat?post=3444"},{"taxonomy":"product_tag","embeddable":true,"href":"https:\/\/end.pt\/pt\/wp-json\/wp\/v2\/product_tag?post=3444"}],"curies":[{"name":"wp","href":"https:\/\/api.w.org\/{rel}","templated":true}]}}