{"id":3450,"date":"2019-04-06T20:54:32","date_gmt":"2019-04-06T20:54:32","guid":{"rendered":"https:\/\/end.pt\/pt\/?post_type=product&#038;p=3450"},"modified":"2021-05-02T17:08:30","modified_gmt":"2021-05-02T17:08:30","slug":"marcador-industrial-quik-stik","status":"publish","type":"product","link":"https:\/\/end.pt\/pt\/product\/marcador-industrial-quik-stik\/","title":{"rendered":"Marcador Industrial Quik Stik"},"content":{"rendered":"<p>O Quik Stik \u00e9 um marcador stick de pintura de marca\u00e7\u00e3o suave que seca rapidamente, para deixar uma marca\u00e7\u00e3o leg\u00edvel e permanente na maioria das superf\u00edcies. O suporte de tor\u00e7\u00e3o \u201ctwist-up\u201d impede quebra do marcador, al\u00e9m de manter as m\u00e3os, roupas e caixas de ferramentas limpas.<\/p>\n<p>Marcador com tamanho de marca\u00e7\u00e3o standard (17mm), dispon\u00edvel em embalagens de 12 ou 72 unidades, com as seguintes cores:<\/p>\n<ul>\n<li>Tinta vibrante e de secagem r\u00e1pida, seca em 5 a 7 minutos.<\/li>\n<li>20% mais tinta que outras marcas, mais marca\u00e7\u00e3o por menos dinheiro.<\/li>\n<li>Marca\u00e7\u00f5es em virtualmente qualquer superf\u00edcie, molhada, suave, rugosa ou quente.<\/li>\n<li>Tampa estanque, mant\u00e9m o marcador limpo e fresco entre utiliza\u00e7\u00f5es.<\/li>\n<li>Marcador de tinta s\u00f3lida avan\u00e7a e recua rodando o bot\u00e3o de tor\u00e7\u00e3o inferior<\/li>\n<li>Resistente a condi\u00e7\u00f5es meteorol\u00f3gicas e UVs, para marca\u00e7\u00f5es de longa dura\u00e7\u00e3o.<\/li>\n<li>Gama de temperaturas de marca\u00e7\u00e3o: -18\u00baC a 200\u00baC.<\/li>\n<\/ul>\n","protected":false},"excerpt":{"rendered":"<p style=\"text-align: center;\"><a href=\"https:\/\/end.pt\/catalogo\/Marcador Industrial Quik Stik.pdf\" target=\"_blank\" rel=\"noopener noreferrer\">Download de Catalogo<\/a><\/p>\n<p style=\"text-align: center;\">(precisa do plugin do Acrobat Reader instalado)<\/p>\n","protected":false},"featured_media":3458,"template":"","meta":{"_mi_skip_tracking":false},"product_cat":[50],"product_tag":[],"class_list":["post-3450","product","type-product","status-publish","has-post-thumbnail","hentry","product_cat-marcadores-industriais"],"_links":{"self":[{"href":"https:\/\/end.pt\/pt\/wp-json\/wp\/v3\/product\/3450","targetHints":{"allow":["GET"]}}],"collection":[{"href":"https:\/\/end.pt\/pt\/wp-json\/wp\/v3\/product"}],"about":[{"href":"https:\/\/end.pt\/pt\/wp-json\/wp\/v2\/types\/product"}],"version-history":[{"count":3,"href":"https:\/\/end.pt\/pt\/wp-json\/wp\/v3\/product\/3450\/revisions"}],"predecessor-version":[{"id":5049,"href":"https:\/\/end.pt\/pt\/wp-json\/wp\/v3\/product\/3450\/revisions\/5049"}],"wp:featuredmedia":[{"embeddable":true,"href":"https:\/\/end.pt\/pt\/wp-json\/wp\/v2\/media\/3458"}],"wp:attachment":[{"href":"https:\/\/end.pt\/pt\/wp-json\/wp\/v2\/media?parent=3450"}],"wp:term":[{"taxonomy":"product_cat","embeddable":true,"href":"https:\/\/end.pt\/pt\/wp-json\/wp\/v2\/product_cat?post=3450"},{"taxonomy":"product_tag","embeddable":true,"href":"https:\/\/end.pt\/pt\/wp-json\/wp\/v2\/product_tag?post=3450"}],"curies":[{"name":"wp","href":"https:\/\/api.w.org\/{rel}","templated":true}]}}