{"id":3451,"date":"2019-04-06T20:55:09","date_gmt":"2019-04-06T20:55:09","guid":{"rendered":"https:\/\/end.pt\/pt\/?post_type=product&#038;p=3451"},"modified":"2021-05-02T17:07:58","modified_gmt":"2021-05-02T17:07:58","slug":"marcador-industrial-quik-stik-mini","status":"publish","type":"product","link":"https:\/\/end.pt\/pt\/product\/marcador-industrial-quik-stik-mini\/","title":{"rendered":"Marcador Industrial Quik Stik Mini"},"content":{"rendered":"<p>O Quik Stik Mini \u00e9 um marcador stick de pintura compacto num c\u00f3modo suporte de pl\u00e1stico de tor\u00e7\u00e3o \u201ctwist-up\u201d, ideal para marca\u00e7\u00e3o de linhas mais finas em superf\u00edcies lisas ou rugosas. Esta vers\u00e3o mais pequena do marcador industrial Quik Stik \u00e9 mais facilmente guardado no bolso ou cinto de ferramentas, e avan\u00e7a facilmente ao rodar a parte inferior do marcador. A tinta de alto desempenho seca rapidamente e deixa marca\u00e7\u00f5es n\u00edtidas e permanentes na maioria das superf\u00edcies.<\/p>\n<p>Marcador com tamanho de marca\u00e7\u00e3o pequeno (6mm), dispon\u00edvel em embalagens de 12 ou 48 unidades, com as seguintes cores:<\/p>\n<ul>\n<li>Tinta vibrante e de secagem r\u00e1pida, seca em 5 a 7 minutos.<\/li>\n<li>Suporte compacto em pl\u00e1stico com tampa c\/ clip facilmente guardada no bolso e sem sujar.<\/li>\n<li>Marca\u00e7\u00f5es em virtualmente qualquer superf\u00edcie, molhada, suave, rugosa ou quente<\/li>\n<li>Marcador de tinta s\u00f3lida avan\u00e7a e recua rodando o bot\u00e3o de tor\u00e7\u00e3o inferior.<\/li>\n<li>F\u00f3rmula sem Xileno e 2-Butoxietanol para redu\u00e7\u00e3o de riscos de sa\u00fade.<\/li>\n<li>Resistente a condi\u00e7\u00f5es metereol\u00f3gicas e UVs, para marca\u00e7\u00f5es de longa dura\u00e7\u00e3o.<\/li>\n<li>Gama de temperaturas de marca\u00e7\u00e3o: -18\u00baC a 200\u00baC.<\/li>\n<\/ul>\n","protected":false},"excerpt":{"rendered":"<p style=\"text-align: center;\"><a href=\"https:\/\/end.pt\/catalogo\/Marcador Industrial Quik Stik Mini.pdf\" target=\"_blank\" rel=\"noopener noreferrer\">Download de Catalogo<\/a><\/p>\n<p style=\"text-align: center;\">(precisa do plugin do Acrobat Reader instalado)<\/p>\n","protected":false},"featured_media":3454,"template":"","meta":{"_mi_skip_tracking":false},"product_cat":[50],"product_tag":[],"class_list":["post-3451","product","type-product","status-publish","has-post-thumbnail","hentry","product_cat-marcadores-industriais"],"_links":{"self":[{"href":"https:\/\/end.pt\/pt\/wp-json\/wp\/v3\/product\/3451","targetHints":{"allow":["GET"]}}],"collection":[{"href":"https:\/\/end.pt\/pt\/wp-json\/wp\/v3\/product"}],"about":[{"href":"https:\/\/end.pt\/pt\/wp-json\/wp\/v2\/types\/product"}],"version-history":[{"count":3,"href":"https:\/\/end.pt\/pt\/wp-json\/wp\/v3\/product\/3451\/revisions"}],"predecessor-version":[{"id":5047,"href":"https:\/\/end.pt\/pt\/wp-json\/wp\/v3\/product\/3451\/revisions\/5047"}],"wp:featuredmedia":[{"embeddable":true,"href":"https:\/\/end.pt\/pt\/wp-json\/wp\/v2\/media\/3454"}],"wp:attachment":[{"href":"https:\/\/end.pt\/pt\/wp-json\/wp\/v2\/media?parent=3451"}],"wp:term":[{"taxonomy":"product_cat","embeddable":true,"href":"https:\/\/end.pt\/pt\/wp-json\/wp\/v2\/product_cat?post=3451"},{"taxonomy":"product_tag","embeddable":true,"href":"https:\/\/end.pt\/pt\/wp-json\/wp\/v2\/product_tag?post=3451"}],"curies":[{"name":"wp","href":"https:\/\/api.w.org\/{rel}","templated":true}]}}