{"id":3460,"date":"2019-04-06T21:19:47","date_gmt":"2019-04-06T21:19:47","guid":{"rendered":"https:\/\/end.pt\/pt\/?post_type=product&#038;p=3460"},"modified":"2021-05-02T17:06:03","modified_gmt":"2021-05-02T17:06:03","slug":"marcador-industrial-silver-streak-red-riter","status":"publish","type":"product","link":"https:\/\/end.pt\/pt\/product\/marcador-industrial-silver-streak-red-riter\/","title":{"rendered":"Marcador Industrial Silver-Streak &#038; Red-Riter"},"content":{"rendered":"<p>Os l\u00e1pis de soldadura Silver-Streak e Red-Riter fazer marca\u00e7\u00f5es resistentes a ma\u00e7arico que n\u00e3o ir\u00e3o arder ou desvanecer (como o giz). Ideal para marca\u00e7\u00f5es de linha fina durante a disposi\u00e7\u00e3o ou fabrico de metal, estas marcas altamente vis\u00edveis iluminam aquando o corte ou soldadura.<\/p>\n<p>L\u00e1pis dispon\u00edveis em embalagens de 12 ou 72 unidades, com as seguintes cores:<\/p>\n<ul>\n<li>Grafite reflectora ilumina quando se corta ou solda para melhor visibilidade.<\/li>\n<li>Alternativa ao giz: as marca\u00e7\u00f5es resistem \u00e0s chamas do ma\u00e7arico; n\u00e3o desvanecem, ardem ou dissipam.<\/li>\n<li>Marca\u00e7\u00f5es duradouras n\u00e3o riscam ou abrasam as superf\u00edcies de metal.<\/li>\n<li>Dispon\u00edvel em duas cores altamente vis\u00edveis: vermelho para alum\u00ednio ou outros metais brilhantes, prateado para superf\u00edcies mais escuras.<\/li>\n<li>L\u00e1pis de alta resist\u00eancia de formato hexagonal, reduz o rolamento.<\/li>\n<li>L\u00e1pis pr\u00e9 afiados podem ser facilmente re-afiados com qualquer afiador standard.<\/li>\n<\/ul>\n","protected":false},"excerpt":{"rendered":"<p style=\"text-align: center;\"><a href=\"https:\/\/end.pt\/catalogo\/Marcador Industrial Silver-Streak &amp; Red-Riter (L\u00e1pis e Lapiseira).pdf\" target=\"_blank\" rel=\"noopener noreferrer\">Download de Catalogo<\/a><\/p>\n<p style=\"text-align: center;\">(precisa do plugin do Acrobat Reader instalado)<\/p>\n","protected":false},"featured_media":3463,"template":"","meta":{"_mi_skip_tracking":false},"product_cat":[50],"product_tag":[],"class_list":["post-3460","product","type-product","status-publish","has-post-thumbnail","hentry","product_cat-marcadores-industriais"],"_links":{"self":[{"href":"https:\/\/end.pt\/pt\/wp-json\/wp\/v3\/product\/3460","targetHints":{"allow":["GET"]}}],"collection":[{"href":"https:\/\/end.pt\/pt\/wp-json\/wp\/v3\/product"}],"about":[{"href":"https:\/\/end.pt\/pt\/wp-json\/wp\/v2\/types\/product"}],"version-history":[{"count":3,"href":"https:\/\/end.pt\/pt\/wp-json\/wp\/v3\/product\/3460\/revisions"}],"predecessor-version":[{"id":5045,"href":"https:\/\/end.pt\/pt\/wp-json\/wp\/v3\/product\/3460\/revisions\/5045"}],"wp:featuredmedia":[{"embeddable":true,"href":"https:\/\/end.pt\/pt\/wp-json\/wp\/v2\/media\/3463"}],"wp:attachment":[{"href":"https:\/\/end.pt\/pt\/wp-json\/wp\/v2\/media?parent=3460"}],"wp:term":[{"taxonomy":"product_cat","embeddable":true,"href":"https:\/\/end.pt\/pt\/wp-json\/wp\/v2\/product_cat?post=3460"},{"taxonomy":"product_tag","embeddable":true,"href":"https:\/\/end.pt\/pt\/wp-json\/wp\/v2\/product_tag?post=3460"}],"curies":[{"name":"wp","href":"https:\/\/api.w.org\/{rel}","templated":true}]}}