{"id":3465,"date":"2019-04-06T21:26:45","date_gmt":"2019-04-06T21:26:45","guid":{"rendered":"https:\/\/end.pt\/pt\/?post_type=product&#038;p=3465"},"modified":"2021-05-02T16:58:20","modified_gmt":"2021-05-02T16:58:20","slug":"marcador-industrial-sl-100","status":"publish","type":"product","link":"https:\/\/end.pt\/pt\/product\/marcador-industrial-sl-100\/","title":{"rendered":"Marcador Industrial SL.100"},"content":{"rendered":"<p>O SL.100 \u00e9 um marcador de pintura l\u00edquida, sem Xilenos, baixo odor e de secagem r\u00e1pida, que fornece marca\u00e7\u00f5es de longa dura\u00e7\u00e3o para quase todas as superf\u00edcies. As 15 cores vivas e opacas s\u00e3o resistentes \u00e0s condi\u00e7\u00f5es atmosf\u00e9ricas e aos UV, e garantem uma excelente identifica\u00e7\u00e3o.<\/p>\n<p>Marcador com tamanho de marca\u00e7\u00e3o de 3mm, dispon\u00edvel em embalagens de 12 ou 48 unidades, com as seguintes cores:<\/p>\n<ul>\n<li>15 cores para uma excelente identifica\u00e7\u00e3o das marca\u00e7\u00f5es, controle de qualidade e inspec\u00e7\u00e3o de pe\u00e7as.<\/li>\n<li>Tinta permanente de secagem r\u00e1pida para uso imediato, reduz o tempo de paragem.<\/li>\n<li>Tinta sem Xileno, reduz os riscos para os utilizadores e entra em conformidade com v\u00e1rias normas de sa\u00fade internacionais.<\/li>\n<li>Ponta de m\u00e9dio tamanho resistente ao desgaste para aumento do tempo de vida.<\/li>\n<li>Gama de temperaturas de marca\u00e7\u00e3o: -20\u00baC a 50\u00baC.<\/li>\n<li>Resist\u00eancia da marca\u00e7\u00e3o a temperatura: 100\u00baC.<\/li>\n<\/ul>\n","protected":false},"excerpt":{"rendered":"<p style=\"text-align: center;\"><a href=\"https:\/\/end.pt\/catalogo\/Marcador Industrial SL.100.pdf\" target=\"_blank\" rel=\"noopener noreferrer\">Download de Catalogo<\/a><\/p>\n<p style=\"text-align: center;\">(precisa do plugin do Acrobat Reader instalado)<\/p>\n","protected":false},"featured_media":3469,"template":"","meta":{"_mi_skip_tracking":false},"product_cat":[50],"product_tag":[],"class_list":["post-3465","product","type-product","status-publish","has-post-thumbnail","hentry","product_cat-marcadores-industriais"],"_links":{"self":[{"href":"https:\/\/end.pt\/pt\/wp-json\/wp\/v3\/product\/3465","targetHints":{"allow":["GET"]}}],"collection":[{"href":"https:\/\/end.pt\/pt\/wp-json\/wp\/v3\/product"}],"about":[{"href":"https:\/\/end.pt\/pt\/wp-json\/wp\/v2\/types\/product"}],"version-history":[{"count":3,"href":"https:\/\/end.pt\/pt\/wp-json\/wp\/v3\/product\/3465\/revisions"}],"predecessor-version":[{"id":5043,"href":"https:\/\/end.pt\/pt\/wp-json\/wp\/v3\/product\/3465\/revisions\/5043"}],"wp:featuredmedia":[{"embeddable":true,"href":"https:\/\/end.pt\/pt\/wp-json\/wp\/v2\/media\/3469"}],"wp:attachment":[{"href":"https:\/\/end.pt\/pt\/wp-json\/wp\/v2\/media?parent=3465"}],"wp:term":[{"taxonomy":"product_cat","embeddable":true,"href":"https:\/\/end.pt\/pt\/wp-json\/wp\/v2\/product_cat?post=3465"},{"taxonomy":"product_tag","embeddable":true,"href":"https:\/\/end.pt\/pt\/wp-json\/wp\/v2\/product_tag?post=3465"}],"curies":[{"name":"wp","href":"https:\/\/api.w.org\/{rel}","templated":true}]}}