{"id":3471,"date":"2019-04-08T20:54:11","date_gmt":"2019-04-08T20:54:11","guid":{"rendered":"https:\/\/end.pt\/pt\/?post_type=product&#038;p=3471"},"modified":"2021-05-02T16:57:51","modified_gmt":"2021-05-02T16:57:51","slug":"marcador-industrial-sl-250-e-sl-250-pmuc","status":"publish","type":"product","link":"https:\/\/end.pt\/pt\/product\/marcador-industrial-sl-250-e-sl-250-pmuc\/","title":{"rendered":"Marcador Industrial SL.250 e SL.250 PMUC"},"content":{"rendered":"<p>O SL.250 \u00e9 um marcador de pintura l\u00edquida, sem Xilenos, baixo odor e de secagem r\u00e1pida, que vai de encontro \u00e0s normas nucleares Europeias. O conte\u00fado de baixo enxofre e baixo cloreto<br \/>\npermite uma marca\u00e7\u00e3o segura em a\u00e7o inoxid\u00e1vel.<br \/>\nO SL.250 PMUC \u00e9 um marcador de pintura l\u00edquida \u00fanico, certificado para uso em centrais nucleares. Cada marcador \u00e9 rastre\u00e1vel a um n\u00famero de lote no certificado PMUC necess\u00e1rio e controlado pelas autoridades. O seu conte\u00fado de baixo enxofre e baixo cloreto permite uma marca\u00e7\u00e3o segura em a\u00e7o inoxid\u00e1vel, ligas e outras super ligas met\u00e1licas onde a resist\u00eancia \u00e0<br \/>\ncorros\u00e3o \u00e9 essencial.<br \/>\nMarcador com tamanho de marca\u00e7\u00e3o de 3mm, dispon\u00edvel em embalagens de 12 ou 48 unidades, com as seguintes cores:<\/p>\n<ul>\n<li>Seguro para marca\u00e7\u00e3o em a\u00e7o inoxid\u00e1vel e ligas e outras super ligas met\u00e1licas onde a resist\u00eancia \u00e0 corros\u00e3o \u00e9 essencial.<\/li>\n<li>SL.250, f\u00f3rmula da tinta confirmada que tem os seguintes conte\u00fados: 200 ppm hal\u00f3geneos 200 ppm enxofre.<\/li>\n<li>SL.250 PMUC, cada marcador entregue com um n\u00famero de lote e um certificado oficial com o envio.<br \/>\nCertifica\u00e7\u00e3o PMUC Oficial 200 ppm hal\u00f3geneos (cloretos, fluoretos, brometos, iodo) 200 ppm enxofre.<\/li>\n<li>Marca\u00e7\u00f5es permanentes de secagem r\u00e1pida, para uso imediato, reduzem paragens de trabalho.<\/li>\n<li>Ponta de m\u00e9dio tamanho resiste ao desgaste para aumentar o tempo de vida.<\/li>\n<li>Gama de temperaturas de marca\u00e7\u00e3o: -20\u00baC a 50\u00baC.<\/li>\n<li>Resist\u00eancia da marca\u00e7\u00e3o a temperatura: 100\u00baC.<\/li>\n<\/ul>\n","protected":false},"excerpt":{"rendered":"<p style=\"text-align: center;\"><a href=\"https:\/\/end.pt\/catalogo\/Marcador Industrial SL.250 e SL.250 PMUC.pdf\" target=\"_blank\" rel=\"noopener noreferrer\">Download de Catalogo<\/a><\/p>\n<p style=\"text-align: center;\">(precisa do plugin do Acrobat Reader instalado)<\/p>\n","protected":false},"featured_media":3474,"template":"","meta":{"_mi_skip_tracking":false},"product_cat":[50],"product_tag":[],"class_list":["post-3471","product","type-product","status-publish","has-post-thumbnail","hentry","product_cat-marcadores-industriais"],"_links":{"self":[{"href":"https:\/\/end.pt\/pt\/wp-json\/wp\/v3\/product\/3471","targetHints":{"allow":["GET"]}}],"collection":[{"href":"https:\/\/end.pt\/pt\/wp-json\/wp\/v3\/product"}],"about":[{"href":"https:\/\/end.pt\/pt\/wp-json\/wp\/v2\/types\/product"}],"version-history":[{"count":2,"href":"https:\/\/end.pt\/pt\/wp-json\/wp\/v3\/product\/3471\/revisions"}],"predecessor-version":[{"id":5041,"href":"https:\/\/end.pt\/pt\/wp-json\/wp\/v3\/product\/3471\/revisions\/5041"}],"wp:featuredmedia":[{"embeddable":true,"href":"https:\/\/end.pt\/pt\/wp-json\/wp\/v2\/media\/3474"}],"wp:attachment":[{"href":"https:\/\/end.pt\/pt\/wp-json\/wp\/v2\/media?parent=3471"}],"wp:term":[{"taxonomy":"product_cat","embeddable":true,"href":"https:\/\/end.pt\/pt\/wp-json\/wp\/v2\/product_cat?post=3471"},{"taxonomy":"product_tag","embeddable":true,"href":"https:\/\/end.pt\/pt\/wp-json\/wp\/v2\/product_tag?post=3471"}],"curies":[{"name":"wp","href":"https:\/\/api.w.org\/{rel}","templated":true}]}}