{"id":3476,"date":"2019-04-08T21:00:39","date_gmt":"2019-04-08T21:00:39","guid":{"rendered":"https:\/\/end.pt\/pt\/?post_type=product&#038;p=3476"},"modified":"2021-05-02T16:57:17","modified_gmt":"2021-05-02T16:57:17","slug":"marcador-industrial-st-2100","status":"publish","type":"product","link":"https:\/\/end.pt\/pt\/product\/marcador-industrial-st-2100\/","title":{"rendered":"Marcador Industrial ST.2100"},"content":{"rendered":"<p>O marcador industrial ST.2100, \u00e9 um marcador bisnaga ponta de esfera seguro para superf\u00edcies de a\u00e7o inoxid\u00e1vel, ligas e outros metais de superligas, devido ao seu baixo teor de enxofre e cloreto. O tubo da bisnaga de alum\u00ednio e a tina espessa tornam este marcador apropriado para superf\u00edcies rugosas, verticais, bem como aplica\u00e7\u00f5es acima da cabe\u00e7a. O ST.2100 contem baixos niveis de cloreto, halog\u00e9neos, metais de baixo ponto de fus\u00e3o e enxofre.<\/p>\n<p>O ST.2100 PMUC \u00e9 um marcador bisnaga ponta de esfera \u00fanico, certificado para uso em centrais nucleares. Cada marcador \u00e9 rastre\u00e1vel a um n\u00famero de lote no certificado PMUC necess\u00e1rio e controlado pelas autoridades.<\/p>\n<p>Marcador com tamanhos de marca\u00e7\u00e3o de 3mm e 6mm, dispon\u00edvel em embalagens de 10 ou 50 unidades, com as seguintes cores:<\/p>\n<ul>\n<li>Seguro para utiliza\u00e7\u00e3o em a\u00e7o inoxid\u00e1vel e outras ligas met\u00e1licas, onde a resist\u00eancia \u00e0 corros\u00e3o \u00e9 essencial.<\/li>\n<li>Ponta de esfera \u00e9 resistente a superf\u00edcies muito rugosas para longa vida de marca\u00e7\u00e3o.<\/li>\n<li>ST.2100 PMUC: cada marcador entregue com um n\u00famero de lote e um certificado oficial com o envio.<\/li>\n<li>F\u00f3rmula da tinta confirmada por an\u00e1lise para conter:<br \/>\n200 ppm halog\u00e9neos<br \/>\n200 ppm enxofre<\/li>\n<li>6 cores fortes, vis\u00edveis e resistentes a condi\u00e7\u00f5es atmosf\u00e9ricas, \u00e1gua e UVs, com baixo teor de cloretos e enxofre.<\/li>\n<li>Tinta \u00fanica desenhada para n\u00e3o pingar em superf\u00edcies verticais ou acima da cabe\u00e7a.<\/li>\n<li>Gama de temperaturas de marca\u00e7\u00e3o: -20\u00baC a 70\u00baC<\/li>\n<li>Resist\u00eancia da marca\u00e7\u00e3o a temperatura: 200\u00baC<\/li>\n<li>Fabricados na Uni\u00e3o Europeia (EU)<\/li>\n<\/ul>\n","protected":false},"excerpt":{"rendered":"<p style=\"text-align: center;\"><a href=\"https:\/\/end.pt\/catalogo\/Marcador Industrial ST.2100 e ST.2100 PMUC.pdf\" target=\"_blank\" rel=\"noopener noreferrer\">Download de Catalogo<\/a><\/p>\n<p style=\"text-align: center;\">(precisa do plugin do Acrobat Reader instalado)<\/p>\n","protected":false},"featured_media":3479,"template":"","meta":{"_mi_skip_tracking":false},"product_cat":[50],"product_tag":[],"class_list":["post-3476","product","type-product","status-publish","has-post-thumbnail","hentry","product_cat-marcadores-industriais"],"_links":{"self":[{"href":"https:\/\/end.pt\/pt\/wp-json\/wp\/v3\/product\/3476","targetHints":{"allow":["GET"]}}],"collection":[{"href":"https:\/\/end.pt\/pt\/wp-json\/wp\/v3\/product"}],"about":[{"href":"https:\/\/end.pt\/pt\/wp-json\/wp\/v2\/types\/product"}],"version-history":[{"count":2,"href":"https:\/\/end.pt\/pt\/wp-json\/wp\/v3\/product\/3476\/revisions"}],"predecessor-version":[{"id":5040,"href":"https:\/\/end.pt\/pt\/wp-json\/wp\/v3\/product\/3476\/revisions\/5040"}],"wp:featuredmedia":[{"embeddable":true,"href":"https:\/\/end.pt\/pt\/wp-json\/wp\/v2\/media\/3479"}],"wp:attachment":[{"href":"https:\/\/end.pt\/pt\/wp-json\/wp\/v2\/media?parent=3476"}],"wp:term":[{"taxonomy":"product_cat","embeddable":true,"href":"https:\/\/end.pt\/pt\/wp-json\/wp\/v2\/product_cat?post=3476"},{"taxonomy":"product_tag","embeddable":true,"href":"https:\/\/end.pt\/pt\/wp-json\/wp\/v2\/product_tag?post=3476"}],"curies":[{"name":"wp","href":"https:\/\/api.w.org\/{rel}","templated":true}]}}