{"id":3481,"date":"2019-04-08T21:06:03","date_gmt":"2019-04-08T21:06:03","guid":{"rendered":"https:\/\/end.pt\/pt\/?post_type=product&#038;p=3481"},"modified":"2021-05-02T16:56:42","modified_gmt":"2021-05-02T16:56:42","slug":"marcador-industrial-stylmark","status":"publish","type":"product","link":"https:\/\/end.pt\/pt\/product\/marcador-industrial-stylmark\/","title":{"rendered":"Marcador Industrial STYLMARK"},"content":{"rendered":"<p>O marcador industrial STYLMARK, \u00e9 um marcador bisnaga ponta de esfera para marca\u00e7\u00e3o na maioria das superf\u00edcies. O tubo da bisnaga de alum\u00ednio e a tina espessa tornam este marcador apropriado para superf\u00edcies rugosas, verticais e bem como acima da cabe\u00e7a, com uma excelente ader\u00eancia em superf\u00edcies oleosas e molhadas. A tinta sem Xileno reduz os riscos de sa\u00fade.<\/p>\n<p>Marcador com tamanhos de marca\u00e7\u00e3o de 2mm, 3mm, e 6mm, dispon\u00edvel em embalagens de 10 ou 50 unidades, com as seguintes cores:<\/p>\n<ul>\n<li>Ponta de esfera resistente marca com tinta indel\u00e9vel em superf\u00edcies lisas ou rugosas<\/li>\n<li>Ponta de esfera \u00e9 resistente a superf\u00edcies muito rugosas para longa vida de marca\u00e7\u00e3o<\/li>\n<li>11 cores fortes, vis\u00edveis resistentes a condi\u00e7\u00f5es atmosf\u00e9ricas, \u00e1gua e UVs<\/li>\n<li>Tinta \u00fanica desenhada para n\u00e3o pingar em superf\u00edcies verticais ou acima da cabe\u00e7a<\/li>\n<li>Gama de temperaturas de marca\u00e7\u00e3o: -20\u00baC a 70\u00baC<\/li>\n<li>Resist\u00eancia da marca\u00e7\u00e3o a temperatura: 200\u00baC<\/li>\n<\/ul>\n","protected":false},"excerpt":{"rendered":"<p style=\"text-align: center;\"><a href=\"https:\/\/end.pt\/catalogo\/Marcador Industrial Stylmark.pdf\" target=\"_blank\" rel=\"noopener noreferrer\">Download de Catalogo<\/a><\/p>\n<p style=\"text-align: center;\">(precisa do plugin do Acrobat Reader instalado)<\/p>\n","protected":false},"featured_media":3484,"template":"","meta":{"_mi_skip_tracking":false},"product_cat":[50],"product_tag":[],"class_list":["post-3481","product","type-product","status-publish","has-post-thumbnail","hentry","product_cat-marcadores-industriais"],"_links":{"self":[{"href":"https:\/\/end.pt\/pt\/wp-json\/wp\/v3\/product\/3481","targetHints":{"allow":["GET"]}}],"collection":[{"href":"https:\/\/end.pt\/pt\/wp-json\/wp\/v3\/product"}],"about":[{"href":"https:\/\/end.pt\/pt\/wp-json\/wp\/v2\/types\/product"}],"version-history":[{"count":2,"href":"https:\/\/end.pt\/pt\/wp-json\/wp\/v3\/product\/3481\/revisions"}],"predecessor-version":[{"id":5039,"href":"https:\/\/end.pt\/pt\/wp-json\/wp\/v3\/product\/3481\/revisions\/5039"}],"wp:featuredmedia":[{"embeddable":true,"href":"https:\/\/end.pt\/pt\/wp-json\/wp\/v2\/media\/3484"}],"wp:attachment":[{"href":"https:\/\/end.pt\/pt\/wp-json\/wp\/v2\/media?parent=3481"}],"wp:term":[{"taxonomy":"product_cat","embeddable":true,"href":"https:\/\/end.pt\/pt\/wp-json\/wp\/v2\/product_cat?post=3481"},{"taxonomy":"product_tag","embeddable":true,"href":"https:\/\/end.pt\/pt\/wp-json\/wp\/v2\/product_tag?post=3481"}],"curies":[{"name":"wp","href":"https:\/\/api.w.org\/{rel}","templated":true}]}}