{"id":3486,"date":"2019-04-08T21:10:15","date_gmt":"2019-04-08T21:10:15","guid":{"rendered":"https:\/\/end.pt\/pt\/?post_type=product&#038;p=3486"},"modified":"2021-05-02T16:55:01","modified_gmt":"2021-05-02T16:55:01","slug":"marcador-industrial-trades-marker-ws","status":"publish","type":"product","link":"https:\/\/end.pt\/pt\/product\/marcador-industrial-trades-marker-ws\/","title":{"rendered":"Marcador Industrial TRADES-MARKER WS"},"content":{"rendered":"<p>O marcador industrial TRADES-MARKER WS \u00e9 um marcador recarreg\u00e1vel para marca\u00e7\u00e3o em todas as superf\u00edcies, que deixa uma marca\u00e7\u00e3o remov\u00edvel e segura para todas as superf\u00edcies.<br \/>\nAs marca\u00e7\u00f5es s\u00e3o facilmente retiradas com \u00e1gua.<\/p>\n<p>Marcador, dispon\u00edvel nas seguintes cores, e nas seguintes embalagens:<\/p>\n<ul>\n<li>Starter Pack Marcador + 12 recargas<\/li>\n<li>Bulk Pack Marcador + 1 recarga<\/li>\n<li>Pack Recargas 12 recargas<\/li>\n<li>Marca\u00e7\u00f5es podem ser facilmente limpas com \u00e1gua ideal para necessidades de controle de qualidade e marca\u00e7\u00f5es tempor\u00e1rias.<\/li>\n<li>\u00d3ptimo para muitas superf\u00edcies, incluindo: superf\u00edcies lisas, rugosas, enferrujadas ou sujas.<\/li>\n<li>Recargas eliminam sujidades e desperd\u00edcio, poupando tempo e dinheiro.<\/li>\n<li>Estrutura de metal e ponta resistente reduzem rupturas e quebras, aumentando a vida dos marcadores.<\/li>\n<li>Avan\u00e7o por bot\u00e3o, para f\u00e1cil manuseamento de uma m\u00e3o.<\/li>\n<\/ul>\n","protected":false},"excerpt":{"rendered":"<p style=\"text-align: center;\"><a href=\"https:\/\/end.pt\/catalogo\/Marcador Industrial TRADES-MARKER WS.pdf\" target=\"_blank\" rel=\"noopener noreferrer\">Download de Catalogo<\/a><\/p>\n<p style=\"text-align: center;\">(precisa do plugin do Acrobat Reader instalado)<\/p>\n","protected":false},"featured_media":3491,"template":"","meta":{"_mi_skip_tracking":false},"product_cat":[50],"product_tag":[],"class_list":["post-3486","product","type-product","status-publish","has-post-thumbnail","hentry","product_cat-marcadores-industriais"],"_links":{"self":[{"href":"https:\/\/end.pt\/pt\/wp-json\/wp\/v3\/product\/3486","targetHints":{"allow":["GET"]}}],"collection":[{"href":"https:\/\/end.pt\/pt\/wp-json\/wp\/v3\/product"}],"about":[{"href":"https:\/\/end.pt\/pt\/wp-json\/wp\/v2\/types\/product"}],"version-history":[{"count":3,"href":"https:\/\/end.pt\/pt\/wp-json\/wp\/v3\/product\/3486\/revisions"}],"predecessor-version":[{"id":5038,"href":"https:\/\/end.pt\/pt\/wp-json\/wp\/v3\/product\/3486\/revisions\/5038"}],"wp:featuredmedia":[{"embeddable":true,"href":"https:\/\/end.pt\/pt\/wp-json\/wp\/v2\/media\/3491"}],"wp:attachment":[{"href":"https:\/\/end.pt\/pt\/wp-json\/wp\/v2\/media?parent=3486"}],"wp:term":[{"taxonomy":"product_cat","embeddable":true,"href":"https:\/\/end.pt\/pt\/wp-json\/wp\/v2\/product_cat?post=3486"},{"taxonomy":"product_tag","embeddable":true,"href":"https:\/\/end.pt\/pt\/wp-json\/wp\/v2\/product_tag?post=3486"}],"curies":[{"name":"wp","href":"https:\/\/api.w.org\/{rel}","templated":true}]}}