{"id":3494,"date":"2019-04-08T21:17:12","date_gmt":"2019-04-08T21:17:12","guid":{"rendered":"https:\/\/end.pt\/pt\/?post_type=product&#038;p=3494"},"modified":"2021-05-02T16:54:28","modified_gmt":"2021-05-02T16:54:28","slug":"marcador-industrial-trades-marker","status":"publish","type":"product","link":"https:\/\/end.pt\/pt\/product\/marcador-industrial-trades-marker\/","title":{"rendered":"Marcador Industrial TRADES-MARKER"},"content":{"rendered":"<p>O marcador industrial TRADES-MARKER tem a versatilidade de um marcador de tinta l\u00edquida combinado com o avan\u00e7o com um simples toque de bot\u00e3o, que ajuda a reduzir custos e desperd\u00edcio. Este marcador para todas as superf\u00edcies recarreg\u00e1vel, deixa uma marca\u00e7\u00e3o resistente a desgaste e \u00e9 seguro para todas as superf\u00edcies.<\/p>\n<p>Marcador, dispon\u00edvel nas seguintes cores, e nas seguintes embalagens:<\/p>\n<ul>\n<li style=\"list-style-type: none;\">\n<ul>\n<li>Starter Pack Marcador + 12 recargas<\/li>\n<li>Bulk Pack Marcador + 1 recarga<\/li>\n<li>Carded Pack Marcador + 5 recargas<\/li>\n<li>Pack Recargas 12 recargas<\/li>\n<li>\u00d3ptimo para muitas superf\u00edcies, incluindo: superf\u00edcies lisas, rugosas, enferrujadas ou sujas.<\/li>\n<li>Marca\u00e7\u00f5es resistentes a desgaste, esfrega e condi\u00e7\u00f5es meteorol\u00f3gicas, deixando uma marca permanente n\u00edtida.<\/li>\n<li>Recargas eliminam sujidades e desperd\u00edcio, poupando tempo e dinheiro.<\/li>\n<li>Estrutura de metal e ponta resistente reduzem rupturas e quebras, aumentando a vida dos marcadores.<\/li>\n<li>Avan\u00e7o por bot\u00e3o, para f\u00e1cil manuseamento de uma m\u00e3o<\/li>\n<\/ul>\n<\/li>\n<\/ul>\n","protected":false},"excerpt":{"rendered":"<p style=\"text-align: center;\"><a href=\"https:\/\/end.pt\/catalogo\/Marcador Industrial TRADES-MARKER.pdf\" target=\"_blank\" rel=\"noopener noreferrer\">Download de Catalogo<\/a><\/p>\n<p style=\"text-align: center;\">(precisa do plugin do Acrobat Reader instalado)<\/p>\n","protected":false},"featured_media":3499,"template":"","meta":{"_mi_skip_tracking":false},"product_cat":[50],"product_tag":[],"class_list":["post-3494","product","type-product","status-publish","has-post-thumbnail","hentry","product_cat-marcadores-industriais"],"_links":{"self":[{"href":"https:\/\/end.pt\/pt\/wp-json\/wp\/v3\/product\/3494","targetHints":{"allow":["GET"]}}],"collection":[{"href":"https:\/\/end.pt\/pt\/wp-json\/wp\/v3\/product"}],"about":[{"href":"https:\/\/end.pt\/pt\/wp-json\/wp\/v2\/types\/product"}],"version-history":[{"count":2,"href":"https:\/\/end.pt\/pt\/wp-json\/wp\/v3\/product\/3494\/revisions"}],"predecessor-version":[{"id":5037,"href":"https:\/\/end.pt\/pt\/wp-json\/wp\/v3\/product\/3494\/revisions\/5037"}],"wp:featuredmedia":[{"embeddable":true,"href":"https:\/\/end.pt\/pt\/wp-json\/wp\/v2\/media\/3499"}],"wp:attachment":[{"href":"https:\/\/end.pt\/pt\/wp-json\/wp\/v2\/media?parent=3494"}],"wp:term":[{"taxonomy":"product_cat","embeddable":true,"href":"https:\/\/end.pt\/pt\/wp-json\/wp\/v2\/product_cat?post=3494"},{"taxonomy":"product_tag","embeddable":true,"href":"https:\/\/end.pt\/pt\/wp-json\/wp\/v2\/product_tag?post=3494"}],"curies":[{"name":"wp","href":"https:\/\/api.w.org\/{rel}","templated":true}]}}