{"id":3501,"date":"2019-04-08T21:26:14","date_gmt":"2019-04-08T21:26:14","guid":{"rendered":"https:\/\/end.pt\/pt\/?post_type=product&#038;p=3501"},"modified":"2021-05-02T16:53:52","modified_gmt":"2021-05-02T16:53:52","slug":"marcador-industrial-valve-action-paint-marker","status":"publish","type":"product","link":"https:\/\/end.pt\/pt\/product\/marcador-industrial-valve-action-paint-marker\/","title":{"rendered":"Marcador Industrial Valve Action Paint Marker"},"content":{"rendered":"<p>O Valve Action \u00e9 um marcador de pintura l\u00edquida de secagem r\u00e1pida, que fornece marca\u00e7\u00f5es de longa dura\u00e7\u00e3o resistentes ao desgaste e \u00e0s condi\u00e7\u00f5es atmosf\u00e9ricas, seguras para quase todas as superf\u00edcies. Como o marcador de tinta mais vers\u00e1til do mundo, a tinta sem Xilenos, reduz os riscos de sa\u00fade ao utilizador e est\u00e1 dispon\u00edvel em 18 cores n\u00edtidas e fluorescentes para uma identifica\u00e7\u00e3o precisa da marca\u00e7\u00e3o.<\/p>\n<p>Marcador com tamanho de marca\u00e7\u00e3o de 3mm, dispon\u00edvel em embalagens de 12 ou 48 unidades, com as seguintes cores:<\/p>\n<ul>\n<li>14 cores standard e 4 cores fluorescentes para uma melhor identifica\u00e7\u00e3o das marca\u00e7\u00f5es, controlo de qualidade e inspec\u00e7\u00e3o de pe\u00e7as<\/li>\n<li>Tinta permanente de secagem r\u00e1pida para uso imediato, reduz o tempo de paragem<\/li>\n<li>Tinta sem Xileno, reduz os riscos para os utilizadores e entra em conformidade com v\u00e1rias normas de sa\u00fade internacionais.<\/li>\n<li>Ponta Dura-Nib de m\u00e9dio tamanho resiste ao desgaste para aumentar o tempo de vida<\/li>\n<li>Estrutura de metal e ponta resistente reduzem quebras, aumentando a vida dos marcadores.<\/li>\n<li>Tampa com clip, f\u00e1cil de prender e guardar<\/li>\n<li>Para aplica\u00e7\u00f5es de baixa corros\u00e3o (baixos cloretos\/halog\u00e9neos), existe o mesmo marcador, mas em vers\u00e3o \u201cValve Action Paint Marker \u2013 cores baixa corros\u00e3o\u201d<\/li>\n<li>Gama de temperaturas de marca\u00e7\u00e3o: -46\u00baC a 66\u00baC<\/li>\n<\/ul>\n","protected":false},"excerpt":{"rendered":"<p style=\"text-align: center;\"><a href=\"https:\/\/end.pt\/catalogo\/Marcador Industrial Valve Action Paint Marker.pdf\" target=\"_blank\" rel=\"noopener noreferrer\">Download de Catalogo<\/a><\/p>\n<p style=\"text-align: center;\">(precisa do plugin do Acrobat Reader instalado)<\/p>\n","protected":false},"featured_media":3504,"template":"","meta":{"_mi_skip_tracking":false},"product_cat":[50],"product_tag":[],"class_list":["post-3501","product","type-product","status-publish","has-post-thumbnail","hentry","product_cat-marcadores-industriais"],"_links":{"self":[{"href":"https:\/\/end.pt\/pt\/wp-json\/wp\/v3\/product\/3501","targetHints":{"allow":["GET"]}}],"collection":[{"href":"https:\/\/end.pt\/pt\/wp-json\/wp\/v3\/product"}],"about":[{"href":"https:\/\/end.pt\/pt\/wp-json\/wp\/v2\/types\/product"}],"version-history":[{"count":4,"href":"https:\/\/end.pt\/pt\/wp-json\/wp\/v3\/product\/3501\/revisions"}],"predecessor-version":[{"id":5036,"href":"https:\/\/end.pt\/pt\/wp-json\/wp\/v3\/product\/3501\/revisions\/5036"}],"wp:featuredmedia":[{"embeddable":true,"href":"https:\/\/end.pt\/pt\/wp-json\/wp\/v2\/media\/3504"}],"wp:attachment":[{"href":"https:\/\/end.pt\/pt\/wp-json\/wp\/v2\/media?parent=3501"}],"wp:term":[{"taxonomy":"product_cat","embeddable":true,"href":"https:\/\/end.pt\/pt\/wp-json\/wp\/v2\/product_cat?post=3501"},{"taxonomy":"product_tag","embeddable":true,"href":"https:\/\/end.pt\/pt\/wp-json\/wp\/v2\/product_tag?post=3501"}],"curies":[{"name":"wp","href":"https:\/\/api.w.org\/{rel}","templated":true}]}}