{"id":3507,"date":"2019-04-08T21:33:04","date_gmt":"2019-04-08T21:33:04","guid":{"rendered":"https:\/\/end.pt\/pt\/?post_type=product&#038;p=3507"},"modified":"2021-05-02T16:52:54","modified_gmt":"2021-05-02T16:52:54","slug":"marcador-industrial-zephyr-paintstik","status":"publish","type":"product","link":"https:\/\/end.pt\/pt\/product\/marcador-industrial-zephyr-paintstik\/","title":{"rendered":"Marcador Industrial ZEPHYR Paintstik"},"content":{"rendered":"<p>O marcador Markal ideal para marca\u00e7\u00f5es tempor\u00e1rias em vidro e outras superf\u00edcies n\u00e3o porosas, \u00e9 resistente ao desgaste para marca\u00e7\u00f5es dur\u00e1veis, que podem ser limpas com \u00e1gua.<\/p>\n<p>Marcador com um \u00fanico tamanho de marca\u00e7\u00e3o standard (17mm), dispon\u00edvel em embalagens de 12 ou 144 unidades, com a cor amarela.<\/p>\n<ul>\n<li>Sol\u00favel em \u00e1gua para f\u00e1cil remo\u00e7\u00e3o do vidro e de outras superf\u00edcies n\u00e3o porosas<\/li>\n<li>Marca\u00e7\u00f5es largas e resistentes ao desgaste<\/li>\n<li>As marca\u00e7\u00f5es n\u00e3o danificam a superf\u00edcie nem deixam marcas depois de removidas<\/li>\n<li>F\u00e1cil de usar e segurar, o papel de embrulho recicl\u00e1vel protege o Paintstik para m\u00e1ximo uso.<\/li>\n<li>Gama de temperaturas de marca\u00e7\u00e3o: -46\u00baC a 66\u00baC<\/li>\n<\/ul>\n","protected":false},"excerpt":{"rendered":"<p style=\"text-align: center;\"><a href=\"https:\/\/end.pt\/catalogo\/Marcador ZEPHYR PAINTSTIK (vidro).pdf\" target=\"_blank\" rel=\"noopener noreferrer\">Download de Catalogo<\/a><\/p>\n<p style=\"text-align: center;\">(precisa do plugin do Acrobat Reader instalado)<\/p>\n","protected":false},"featured_media":3509,"template":"","meta":{"_mi_skip_tracking":false},"product_cat":[50],"product_tag":[],"class_list":["post-3507","product","type-product","status-publish","has-post-thumbnail","hentry","product_cat-marcadores-industriais"],"_links":{"self":[{"href":"https:\/\/end.pt\/pt\/wp-json\/wp\/v3\/product\/3507","targetHints":{"allow":["GET"]}}],"collection":[{"href":"https:\/\/end.pt\/pt\/wp-json\/wp\/v3\/product"}],"about":[{"href":"https:\/\/end.pt\/pt\/wp-json\/wp\/v2\/types\/product"}],"version-history":[{"count":3,"href":"https:\/\/end.pt\/pt\/wp-json\/wp\/v3\/product\/3507\/revisions"}],"predecessor-version":[{"id":5034,"href":"https:\/\/end.pt\/pt\/wp-json\/wp\/v3\/product\/3507\/revisions\/5034"}],"wp:featuredmedia":[{"embeddable":true,"href":"https:\/\/end.pt\/pt\/wp-json\/wp\/v2\/media\/3509"}],"wp:attachment":[{"href":"https:\/\/end.pt\/pt\/wp-json\/wp\/v2\/media?parent=3507"}],"wp:term":[{"taxonomy":"product_cat","embeddable":true,"href":"https:\/\/end.pt\/pt\/wp-json\/wp\/v2\/product_cat?post=3507"},{"taxonomy":"product_tag","embeddable":true,"href":"https:\/\/end.pt\/pt\/wp-json\/wp\/v2\/product_tag?post=3507"}],"curies":[{"name":"wp","href":"https:\/\/api.w.org\/{rel}","templated":true}]}}