{"id":3852,"date":"2020-05-23T15:00:14","date_gmt":"2020-05-23T15:00:14","guid":{"rendered":"https:\/\/end.pt\/pt\/?post_type=product&#038;p=3852"},"modified":"2021-05-02T16:51:45","modified_gmt":"2021-05-02T16:51:45","slug":"teledyne-icm-go-scan-portable-x-ray-detectors","status":"publish","type":"product","link":"https:\/\/end.pt\/pt\/product\/teledyne-icm-go-scan-portable-x-ray-detectors\/","title":{"rendered":"Teledyne-ICM GO-SCAN Portable X-Ray Detectors"},"content":{"rendered":"<p>Com a necessidade de reduzir o tempo de inspe\u00e7\u00e3o ao m\u00ednimo estrito, o mundo NDT est\u00e1 lentamente a reduzir sua depend\u00eancia em filmes\/pel\u00edcula e a passar diretamente para a revolu\u00e7\u00e3o da Radiografia Digital (DR). Al\u00e9m de economizar tempo e dinheiro n\u00e3o revelando filmes, a radiografia digital permite tamb\u00e9m editar, gravar e enviar suas inspe\u00e7\u00f5es para quem, quando e onde quiser.<\/p>\n<p>Apresentamos a solu\u00e7\u00e3o GO-SCAN, que combina um detector CMOS de alta resolu\u00e7\u00e3o com os mais leves geradores port\u00e1teis de raio-x do mercado &#8211; o CPSERIES da Teledyne ICM, e ainda com um tablet de alta defini\u00e7\u00e3o equipado com um software GO-SCAN especialmente desenvolvido para ensaios n\u00e3o destrutivos, com fun\u00e7\u00f5es como aquisi\u00e7\u00e3o de imagem em tempo real, c\u00e1lculo do tempo de exposi\u00e7\u00e3o, grava\u00e7\u00e3o de video, etc. \u00c9 sem d\u00favida uma excelente op\u00e7\u00e3o de radiografia digital NDT em termos de qualidade de imagem, facilidade de uso, e fiabilidade.<\/p>\n<p>Com uma resolu\u00e7\u00e3o de at\u00e9 49,5\u00b5m (99 \u00b5m na vers\u00e3o HR), dimens\u00f5es de 15&#215;10 cm, e um peso total de 3,5 kg, o detector GO-SCAN \u00e9 a ferramenta radiogr\u00e1fica digital perfeita para aplica\u00e7\u00f5es que variam de inspe\u00e7\u00f5es de materiais de ligas na ind\u00fastria aeroespacial a tubos de a\u00e7o na ind\u00fastria de petr\u00f3leo e g\u00e1s , a tecidos delicados ou artefatos do mundo da arte.<\/p>\n<p>Caracter\u00edsticas principais:<\/p>\n<ul>\n<li>Alta Defini\u00e7\u00e3o<\/li>\n<li>Simplicidade<\/li>\n<li>Leve<\/li>\n<li>Resultados em tempo real<\/li>\n<li>Robusto (absor\u00e7\u00e3o de choque)<\/li>\n<\/ul>\n<p>Software Inovador:<\/p>\n<ul>\n<li>Aquisi\u00e7\u00e3o de imagens em tempo real<\/li>\n<li>Reconhecimento autom\u00e1tico de IQIs<\/li>\n<li>Calculador do tempo de exposi\u00e7\u00e3o<\/li>\n<li>Edi\u00e7\u00e3o e melhoramento de imagem<\/li>\n<li>Grava\u00e7\u00e3o de v\u00eddeo<\/li>\n<li>Op\u00e7\u00e3o de grava\u00e7\u00e3o DICONDE<\/li>\n<\/ul>\n","protected":false},"excerpt":{"rendered":"<p>Com a necessidade de reduzir o tempo de inspe\u00e7\u00e3o ao m\u00ednimo estrito, o mundo NDT est\u00e1 lentamente a reduzir sua depend\u00eancia em filmes\/pel\u00edcula e a passar diretamente para a revolu\u00e7\u00e3o da Radiografia Digital (DR). Al\u00e9m de economizar tempo e dinheiro n\u00e3o revelando filmes, a radiografia digital permite tamb\u00e9m editar, gravar e enviar suas inspe\u00e7\u00f5es para [&hellip;]<\/p>\n","protected":false},"featured_media":3853,"template":"","meta":{"_mi_skip_tracking":false},"product_cat":[139],"product_tag":[],"class_list":["post-3852","product","type-product","status-publish","has-post-thumbnail","hentry","product_cat-teledyne-icm-go-scan-portable-x-ray-detectors"],"_links":{"self":[{"href":"https:\/\/end.pt\/pt\/wp-json\/wp\/v3\/product\/3852","targetHints":{"allow":["GET"]}}],"collection":[{"href":"https:\/\/end.pt\/pt\/wp-json\/wp\/v3\/product"}],"about":[{"href":"https:\/\/end.pt\/pt\/wp-json\/wp\/v2\/types\/product"}],"version-history":[{"count":3,"href":"https:\/\/end.pt\/pt\/wp-json\/wp\/v3\/product\/3852\/revisions"}],"predecessor-version":[{"id":5033,"href":"https:\/\/end.pt\/pt\/wp-json\/wp\/v3\/product\/3852\/revisions\/5033"}],"wp:featuredmedia":[{"embeddable":true,"href":"https:\/\/end.pt\/pt\/wp-json\/wp\/v2\/media\/3853"}],"wp:attachment":[{"href":"https:\/\/end.pt\/pt\/wp-json\/wp\/v2\/media?parent=3852"}],"wp:term":[{"taxonomy":"product_cat","embeddable":true,"href":"https:\/\/end.pt\/pt\/wp-json\/wp\/v2\/product_cat?post=3852"},{"taxonomy":"product_tag","embeddable":true,"href":"https:\/\/end.pt\/pt\/wp-json\/wp\/v2\/product_tag?post=3852"}],"curies":[{"name":"wp","href":"https:\/\/api.w.org\/{rel}","templated":true}]}}