{"id":3858,"date":"2020-05-23T15:07:33","date_gmt":"2020-05-23T15:07:33","guid":{"rendered":"https:\/\/end.pt\/pt\/?post_type=product&#038;p=3858"},"modified":"2021-05-02T16:50:56","modified_gmt":"2021-05-02T16:50:56","slug":"barra-de-fixacao-go-scan","status":"publish","type":"product","link":"https:\/\/end.pt\/pt\/product\/barra-de-fixacao-go-scan\/","title":{"rendered":"Barra de Fixa\u00e7\u00e3o Go-Scan"},"content":{"rendered":"<p>Uma barra de fixa\u00e7\u00e3o equipada com um suporte espec\u00edfico para o GO-SCAN. Este acess\u00f3rio permite um posicionamento mais f\u00e1cil do scanner no campo. Inclui dois \u00edmanes e duas ventosas.<\/p>\n","protected":false},"excerpt":{"rendered":"<p>Uma barra de fixa\u00e7\u00e3o equipada com um suporte espec\u00edfico para o GO-SCAN. Este acess\u00f3rio permite um posicionamento mais f\u00e1cil do scanner no campo. Inclui dois \u00edmanes e duas ventosas.<\/p>\n","protected":false},"featured_media":3861,"template":"","meta":{"_mi_skip_tracking":false},"product_cat":[140],"product_tag":[],"class_list":["post-3858","product","type-product","status-publish","has-post-thumbnail","hentry","product_cat-acessorios-teledyne-icm-go-scan-portable-x-ray-detectors"],"_links":{"self":[{"href":"https:\/\/end.pt\/pt\/wp-json\/wp\/v3\/product\/3858","targetHints":{"allow":["GET"]}}],"collection":[{"href":"https:\/\/end.pt\/pt\/wp-json\/wp\/v3\/product"}],"about":[{"href":"https:\/\/end.pt\/pt\/wp-json\/wp\/v2\/types\/product"}],"version-history":[{"count":2,"href":"https:\/\/end.pt\/pt\/wp-json\/wp\/v3\/product\/3858\/revisions"}],"predecessor-version":[{"id":5032,"href":"https:\/\/end.pt\/pt\/wp-json\/wp\/v3\/product\/3858\/revisions\/5032"}],"wp:featuredmedia":[{"embeddable":true,"href":"https:\/\/end.pt\/pt\/wp-json\/wp\/v2\/media\/3861"}],"wp:attachment":[{"href":"https:\/\/end.pt\/pt\/wp-json\/wp\/v2\/media?parent=3858"}],"wp:term":[{"taxonomy":"product_cat","embeddable":true,"href":"https:\/\/end.pt\/pt\/wp-json\/wp\/v2\/product_cat?post=3858"},{"taxonomy":"product_tag","embeddable":true,"href":"https:\/\/end.pt\/pt\/wp-json\/wp\/v2\/product_tag?post=3858"}],"curies":[{"name":"wp","href":"https:\/\/api.w.org\/{rel}","templated":true}]}}