{"id":3866,"date":"2020-05-23T15:17:05","date_gmt":"2020-05-23T15:17:05","guid":{"rendered":"https:\/\/end.pt\/pt\/?post_type=product&#038;p=3866"},"modified":"2021-05-02T16:18:45","modified_gmt":"2021-05-02T16:18:45","slug":"tripe-go-scan","status":"publish","type":"product","link":"https:\/\/end.pt\/pt\/product\/tripe-go-scan\/","title":{"rendered":"Trip\u00e9 Go-Scan"},"content":{"rendered":"\t\t<div data-elementor-type=\"product-post\" data-elementor-id=\"3866\" class=\"elementor elementor-3866\">\n\t\t\t\t\t\t<div class=\"elementor-inner\">\n\t\t\t\t<div class=\"elementor-section-wrap\">\n\t\t\t\t\t\t\t\t\t<section class=\"elementor-section elementor-top-section elementor-element elementor-element-c83c7ef elementor-section-boxed elementor-section-height-default elementor-section-height-default\" data-id=\"c83c7ef\" data-element_type=\"section\">\n\t\t\t\t\t\t<div class=\"elementor-container elementor-column-gap-default\">\n\t\t\t\t\t\t\t<div class=\"elementor-row\">\n\t\t\t\t\t<div class=\"elementor-column elementor-col-100 elementor-top-column elementor-element elementor-element-282b0e0\" data-id=\"282b0e0\" data-element_type=\"column\">\n\t\t\t<div class=\"elementor-column-wrap elementor-element-populated\">\n\t\t\t\t\t\t\t<div class=\"elementor-widget-wrap\">\n\t\t\t\t\t\t<div class=\"elementor-element elementor-element-e35c0ae elementor-widget elementor-widget-text-editor\" data-id=\"e35c0ae\" data-element_type=\"widget\" data-widget_type=\"text-editor.default\">\n\t\t\t\t<div class=\"elementor-widget-container\">\n\t\t\t\t\t\t\t\t<div class=\"elementor-text-editor elementor-clearfix\">\n\t\t\t\t<p>Um trip\u00e9 equipado com um suporte espec\u00edfico para o GO-SCAN. Este acess\u00f3rio permite um posicionamento mais f\u00e1cil do scanner no campo. Trip\u00e9 robusto, muito est\u00e1vel, e ajust\u00e1vel, com p\u00e9s antiderrapantes para melhor ader\u00eancia.<\/p>\t\t\t\t\t<\/div>\n\t\t\t\t\t\t<\/div>\n\t\t\t\t<\/div>\n\t\t\t\t\t\t<\/div>\n\t\t\t\t\t<\/div>\n\t\t<\/div>\n\t\t\t\t\t\t\t\t<\/div>\n\t\t\t\t\t<\/div>\n\t\t<\/section>\n\t\t\t\t\t\t\t\t\t<\/div>\n\t\t\t<\/div>\n\t\t\t\t\t<\/div>\n\t\t","protected":false},"excerpt":{"rendered":"<p>Um trip\u00e9 equipado com um suporte espec\u00edfico para o GO-SCAN. Este acess\u00f3rio permite um posicionamento mais f\u00e1cil do scanner no campo. Trip\u00e9 robusto, muito est\u00e1vel, e ajust\u00e1vel, com p\u00e9s antiderrapantes para melhor ader\u00eancia.<\/p>\n","protected":false},"featured_media":3869,"template":"","meta":{"_mi_skip_tracking":false},"product_cat":[140],"product_tag":[],"class_list":["post-3866","product","type-product","status-publish","has-post-thumbnail","hentry","product_cat-acessorios-teledyne-icm-go-scan-portable-x-ray-detectors"],"_links":{"self":[{"href":"https:\/\/end.pt\/pt\/wp-json\/wp\/v3\/product\/3866","targetHints":{"allow":["GET"]}}],"collection":[{"href":"https:\/\/end.pt\/pt\/wp-json\/wp\/v3\/product"}],"about":[{"href":"https:\/\/end.pt\/pt\/wp-json\/wp\/v2\/types\/product"}],"version-history":[{"count":5,"href":"https:\/\/end.pt\/pt\/wp-json\/wp\/v3\/product\/3866\/revisions"}],"predecessor-version":[{"id":5031,"href":"https:\/\/end.pt\/pt\/wp-json\/wp\/v3\/product\/3866\/revisions\/5031"}],"wp:featuredmedia":[{"embeddable":true,"href":"https:\/\/end.pt\/pt\/wp-json\/wp\/v2\/media\/3869"}],"wp:attachment":[{"href":"https:\/\/end.pt\/pt\/wp-json\/wp\/v2\/media?parent=3866"}],"wp:term":[{"taxonomy":"product_cat","embeddable":true,"href":"https:\/\/end.pt\/pt\/wp-json\/wp\/v2\/product_cat?post=3866"},{"taxonomy":"product_tag","embeddable":true,"href":"https:\/\/end.pt\/pt\/wp-json\/wp\/v2\/product_tag?post=3866"}],"curies":[{"name":"wp","href":"https:\/\/api.w.org\/{rel}","templated":true}]}}