{"id":3909,"date":"2020-08-12T19:54:11","date_gmt":"2020-08-12T19:54:11","guid":{"rendered":"https:\/\/end.pt\/pt\/?post_type=product&#038;p=3909"},"modified":"2021-05-02T16:17:34","modified_gmt":"2021-05-02T16:17:34","slug":"detector-dr-carestream-hpx-dr-non-glass","status":"publish","type":"product","link":"https:\/\/end.pt\/pt\/product\/detector-dr-carestream-hpx-dr-non-glass\/","title":{"rendered":"Detector DR Carestream HPX-DR \u201cNon-Glass\u201d"},"content":{"rendered":"<p>O Carestream HPX-DR \u00e9 um detector DDA compacto, leve e de alto desempenho. Pesa somente cerca de 6kg e tem um perfil fino de apenas 35 x 43 cm (14 x 17\u201d).<\/p>\n<p>Com imagens r\u00e1pidas e um potencial de redu\u00e7\u00e3o do tempo total de grava\u00e7\u00e3o, melhora a taxa de transfer\u00eancia e reduz os custos gerais de consum\u00edveis (para placas de filme ou imagem).<\/p>\n<p>O novo detector HPX-DR Non-Glass incorpora um material pl\u00e1stico mais resistente que o vidro para m\u00e1xima durabilidade e resist\u00eancia aos rigores do trabalho em campo NDT. Elimina praticamente os custos de repara\u00e7\u00e3o dispendiosos de vidro partido.<\/p>\n<p>As principais vantagens dos paineis DR Carestream s\u00e3o o reduzido tempo de exposi\u00e7\u00e3o, a maior rapidez de processo sem a utiliza\u00e7\u00e3o de filmes, cassetes, e outros meios, al\u00e9m da r\u00e1pida inicializa\u00e7\u00e3o, calibra\u00e7\u00e3o e exibi\u00e7\u00e3o de imagens ap\u00f3s a aquisi\u00e7\u00e3o.<\/p>\n<p>Outras vantagens s\u00e3o a utiliza\u00e7\u00e3o do poderoso e multi-funcional software INDUSTREX, e a simplicidade e facilidade de utiliza\u00e7\u00e3o do detector: leve, compacto, simples e wireless.<\/p>\n<p>Caracter\u00edsticas:<\/p>\n<ul>\n<li>Design dur\u00e1vel elimina custos de repara\u00e7\u00e3o dispendiosos de vidro partido<\/li>\n<li>Dist\u00e2ncia entre pixeis de 139 \u03bcm para imagens de alta resolu\u00e7\u00e3o<\/li>\n<li>Grande formato (350 x 430 mm) e perfil fino (14,7 mm)<\/li>\n<li>Blindagem refor\u00e7ada projetcada especificamente para aplica\u00e7\u00f5es NDT de alta exposi\u00e7\u00e3o<\/li>\n<li>Estrutura protectora \u00e0 prova de condi\u00e7\u00f5es atmosf\u00e9ricas adversas &#8211; perfeita para trabalhos de campo remotos<\/li>\n<li>Conectividade sem fios robusta<\/li>\n<li>Utiliza o software INDUSTREX tamb\u00e9m utilizado em todos os equipamentos digitais Carestream<\/li>\n<li>Poderosas baterias de Li-ion com troca de bateria &#8216;hot-swap&#8217; para manter o detector a funcionar durante a troca da bateria<\/li>\n<li>Acess\u00f3rios opcionais dispon\u00edveis para mais durabilidade e conectividade<\/li>\n<\/ul>\n","protected":false},"excerpt":{"rendered":"<p>O Carestream HPX-DR \u00e9 um detector DDA compacto, leve e de alto desempenho. Pesa somente cerca de 6kg e tem um perfil fino de apenas 35 x 43 cm (14 x 17\u201d). Com imagens r\u00e1pidas e um potencial de redu\u00e7\u00e3o do tempo total de grava\u00e7\u00e3o, melhora a taxa de transfer\u00eancia e reduz os custos gerais [&hellip;]<\/p>\n","protected":false},"featured_media":3910,"template":"","meta":{"_mi_skip_tracking":false},"product_cat":[141],"product_tag":[],"class_list":["post-3909","product","type-product","status-publish","has-post-thumbnail","hentry","product_cat-sistema-digital-portatil-hpx-dr-non-glass"],"_links":{"self":[{"href":"https:\/\/end.pt\/pt\/wp-json\/wp\/v3\/product\/3909","targetHints":{"allow":["GET"]}}],"collection":[{"href":"https:\/\/end.pt\/pt\/wp-json\/wp\/v3\/product"}],"about":[{"href":"https:\/\/end.pt\/pt\/wp-json\/wp\/v2\/types\/product"}],"version-history":[{"count":2,"href":"https:\/\/end.pt\/pt\/wp-json\/wp\/v3\/product\/3909\/revisions"}],"predecessor-version":[{"id":5026,"href":"https:\/\/end.pt\/pt\/wp-json\/wp\/v3\/product\/3909\/revisions\/5026"}],"wp:featuredmedia":[{"embeddable":true,"href":"https:\/\/end.pt\/pt\/wp-json\/wp\/v2\/media\/3910"}],"wp:attachment":[{"href":"https:\/\/end.pt\/pt\/wp-json\/wp\/v2\/media?parent=3909"}],"wp:term":[{"taxonomy":"product_cat","embeddable":true,"href":"https:\/\/end.pt\/pt\/wp-json\/wp\/v2\/product_cat?post=3909"},{"taxonomy":"product_tag","embeddable":true,"href":"https:\/\/end.pt\/pt\/wp-json\/wp\/v2\/product_tag?post=3909"}],"curies":[{"name":"wp","href":"https:\/\/api.w.org\/{rel}","templated":true}]}}