{"id":3916,"date":"2020-08-12T20:06:45","date_gmt":"2020-08-12T20:06:45","guid":{"rendered":"https:\/\/end.pt\/pt\/?post_type=product&#038;p=3916"},"modified":"2021-05-02T16:17:06","modified_gmt":"2021-05-02T16:17:06","slug":"capa-de-proteccao-hpx-dr","status":"publish","type":"product","link":"https:\/\/end.pt\/pt\/product\/capa-de-proteccao-hpx-dr\/","title":{"rendered":"Capa de protec\u00e7\u00e3o (HPX-DR)"},"content":{"rendered":"<p>Capa protectora para utiliza\u00e7\u00e3o em laborat\u00f3rio aumenta o limite de carga do detector em at\u00e9 340 kg. (750 libras).<\/p>\n","protected":false},"excerpt":{"rendered":"<p>Capa protectora para utiliza\u00e7\u00e3o em laborat\u00f3rio aumenta o limite de carga do detector em at\u00e9 340 kg. (750 libras).<\/p>\n","protected":false},"featured_media":3917,"template":"","meta":{"_mi_skip_tracking":false},"product_cat":[142],"product_tag":[],"class_list":["post-3916","product","type-product","status-publish","has-post-thumbnail","hentry","product_cat-acessorios-para-o-detector-dr-carestream-hpx-dr-non-glass"],"_links":{"self":[{"href":"https:\/\/end.pt\/pt\/wp-json\/wp\/v3\/product\/3916","targetHints":{"allow":["GET"]}}],"collection":[{"href":"https:\/\/end.pt\/pt\/wp-json\/wp\/v3\/product"}],"about":[{"href":"https:\/\/end.pt\/pt\/wp-json\/wp\/v2\/types\/product"}],"version-history":[{"count":2,"href":"https:\/\/end.pt\/pt\/wp-json\/wp\/v3\/product\/3916\/revisions"}],"predecessor-version":[{"id":5025,"href":"https:\/\/end.pt\/pt\/wp-json\/wp\/v3\/product\/3916\/revisions\/5025"}],"wp:featuredmedia":[{"embeddable":true,"href":"https:\/\/end.pt\/pt\/wp-json\/wp\/v2\/media\/3917"}],"wp:attachment":[{"href":"https:\/\/end.pt\/pt\/wp-json\/wp\/v2\/media?parent=3916"}],"wp:term":[{"taxonomy":"product_cat","embeddable":true,"href":"https:\/\/end.pt\/pt\/wp-json\/wp\/v2\/product_cat?post=3916"},{"taxonomy":"product_tag","embeddable":true,"href":"https:\/\/end.pt\/pt\/wp-json\/wp\/v2\/product_tag?post=3916"}],"curies":[{"name":"wp","href":"https:\/\/api.w.org\/{rel}","templated":true}]}}