{"id":4133,"date":"2020-08-22T08:37:54","date_gmt":"2020-08-22T08:37:54","guid":{"rendered":"https:\/\/end.pt\/pt\/?post_type=product&#038;p=4133"},"modified":"2021-05-02T16:03:39","modified_gmt":"2021-05-02T16:03:39","slug":"gerador-de-campo-magnetico-ac-portatil-yoke-parker-modelo-b310pdc-bateria","status":"publish","type":"product","link":"https:\/\/end.pt\/pt\/product\/gerador-de-campo-magnetico-ac-portatil-yoke-parker-modelo-b310pdc-bateria\/","title":{"rendered":"Gerador de campo magn\u00e9tico AC port\u00e1til YOKE Parker, modelo B310PDC (Bateria)"},"content":{"rendered":"<p>O Yoke B310PDC \u00e9 um equipamento desenhado para inspec\u00e7\u00f5es por part\u00edculas magn\u00e9ticas.<\/p>\n<p>Um sistema compacto e aut\u00f3nomo, alimentado por uma bateria leve de 12V, torna esta unidade completamente port\u00e1til.<\/p>\n<p>Pernas articuladas de dupla junta, permitem ao campo ser \u201cfocado\u201d numa \u00e1rea precisa de inspec\u00e7\u00e3o. Componentes electr\u00f3nicos s\u00f3lidos contidos na estrutura, ajudam a produzir um forte campo pulsado DC. Estes componentes est\u00e3o protegidos por uma estrutura robusta e refor\u00e7ada.<\/p>\n","protected":false},"excerpt":{"rendered":"<p>O Yoke B310PDC \u00e9 um equipamento desenhado para inspec\u00e7\u00f5es por part\u00edculas magn\u00e9ticas. Um sistema compacto e aut\u00f3nomo, alimentado por uma bateria leve de 12V, torna esta unidade completamente port\u00e1til. Pernas articuladas de dupla junta, permitem ao campo ser \u201cfocado\u201d numa \u00e1rea precisa de inspec\u00e7\u00e3o. Componentes electr\u00f3nicos s\u00f3lidos contidos na estrutura, ajudam a produzir um forte [&hellip;]<\/p>\n","protected":false},"featured_media":4134,"template":"","meta":{"_mi_skip_tracking":false},"product_cat":[146,31],"product_tag":[],"class_list":["post-4133","product","type-product","status-publish","has-post-thumbnail","hentry","product_cat-equipamentos-portateis-yokes","product_cat-particulas-magneticas"],"_links":{"self":[{"href":"https:\/\/end.pt\/pt\/wp-json\/wp\/v3\/product\/4133","targetHints":{"allow":["GET"]}}],"collection":[{"href":"https:\/\/end.pt\/pt\/wp-json\/wp\/v3\/product"}],"about":[{"href":"https:\/\/end.pt\/pt\/wp-json\/wp\/v2\/types\/product"}],"version-history":[{"count":2,"href":"https:\/\/end.pt\/pt\/wp-json\/wp\/v3\/product\/4133\/revisions"}],"predecessor-version":[{"id":5009,"href":"https:\/\/end.pt\/pt\/wp-json\/wp\/v3\/product\/4133\/revisions\/5009"}],"wp:featuredmedia":[{"embeddable":true,"href":"https:\/\/end.pt\/pt\/wp-json\/wp\/v2\/media\/4134"}],"wp:attachment":[{"href":"https:\/\/end.pt\/pt\/wp-json\/wp\/v2\/media?parent=4133"}],"wp:term":[{"taxonomy":"product_cat","embeddable":true,"href":"https:\/\/end.pt\/pt\/wp-json\/wp\/v2\/product_cat?post=4133"},{"taxonomy":"product_tag","embeddable":true,"href":"https:\/\/end.pt\/pt\/wp-json\/wp\/v2\/product_tag?post=4133"}],"curies":[{"name":"wp","href":"https:\/\/api.w.org\/{rel}","templated":true}]}}