{"id":4140,"date":"2020-08-22T09:02:26","date_gmt":"2020-08-22T09:02:26","guid":{"rendered":"https:\/\/end.pt\/pt\/?post_type=product&#038;p=4140"},"modified":"2021-05-02T16:03:05","modified_gmt":"2021-05-02T16:03:05","slug":"gerador-de-campo-magnetico-ac-dc-portatil-yoke-cgm-ref-58-10-230v-ref-58-12-48-v","status":"publish","type":"product","link":"https:\/\/end.pt\/pt\/product\/gerador-de-campo-magnetico-ac-dc-portatil-yoke-cgm-ref-58-10-230v-ref-58-12-48-v\/","title":{"rendered":"Gerador de campo magn\u00e9tico AC\/DC port\u00e1til YOKE CGM, Ref. 58.10 &#8211; 230V \/ Ref. 58.12 &#8211; 48 V"},"content":{"rendered":"<p>O Yoke indicado, \u00e9 um equipamento leve, port\u00e1til e robusto, para inspec\u00e7\u00e3o magn\u00e9tica de defeitos \u00e0 superf\u00edcie em materiais ferromagn\u00e9ticos.<\/p>\n<p>O design mec\u00e2nico garante um manuseamento perfeito com um reduzido peso de 2,4 kg.<\/p>\n<p>A sua configura\u00e7\u00e3o de trabalho, disp\u00f5e de bra\u00e7os articulados para melhorar e permitir a inspec\u00e7\u00e3o de diferentes tipos de pe\u00e7as.<\/p>\n<p>\u00c9 fornecido com cabo de 7 metros e mala de transporte, e est\u00e1 dispon\u00edvel em duas vers\u00f5es.<\/p>\n","protected":false},"excerpt":{"rendered":"<p>O Yoke indicado, \u00e9 um equipamento leve, port\u00e1til e robusto, para inspec\u00e7\u00e3o magn\u00e9tica de defeitos \u00e0 superf\u00edcie em materiais ferromagn\u00e9ticos. O design mec\u00e2nico garante um manuseamento perfeito com um reduzido peso de 2,4 kg. A sua configura\u00e7\u00e3o de trabalho, disp\u00f5e de bra\u00e7os articulados para melhorar e permitir a inspec\u00e7\u00e3o de diferentes tipos de pe\u00e7as. \u00c9 [&hellip;]<\/p>\n","protected":false},"featured_media":4141,"template":"","meta":{"_mi_skip_tracking":false},"product_cat":[146,31],"product_tag":[],"class_list":["post-4140","product","type-product","status-publish","has-post-thumbnail","hentry","product_cat-equipamentos-portateis-yokes","product_cat-particulas-magneticas"],"_links":{"self":[{"href":"https:\/\/end.pt\/pt\/wp-json\/wp\/v3\/product\/4140","targetHints":{"allow":["GET"]}}],"collection":[{"href":"https:\/\/end.pt\/pt\/wp-json\/wp\/v3\/product"}],"about":[{"href":"https:\/\/end.pt\/pt\/wp-json\/wp\/v2\/types\/product"}],"version-history":[{"count":3,"href":"https:\/\/end.pt\/pt\/wp-json\/wp\/v3\/product\/4140\/revisions"}],"predecessor-version":[{"id":5008,"href":"https:\/\/end.pt\/pt\/wp-json\/wp\/v3\/product\/4140\/revisions\/5008"}],"wp:featuredmedia":[{"embeddable":true,"href":"https:\/\/end.pt\/pt\/wp-json\/wp\/v2\/media\/4141"}],"wp:attachment":[{"href":"https:\/\/end.pt\/pt\/wp-json\/wp\/v2\/media?parent=4140"}],"wp:term":[{"taxonomy":"product_cat","embeddable":true,"href":"https:\/\/end.pt\/pt\/wp-json\/wp\/v2\/product_cat?post=4140"},{"taxonomy":"product_tag","embeddable":true,"href":"https:\/\/end.pt\/pt\/wp-json\/wp\/v2\/product_tag?post=4140"}],"curies":[{"name":"wp","href":"https:\/\/api.w.org\/{rel}","templated":true}]}}