{"id":4159,"date":"2020-08-22T09:58:35","date_gmt":"2020-08-22T09:58:35","guid":{"rendered":"https:\/\/end.pt\/pt\/?post_type=product&#038;p=4159"},"modified":"2021-05-02T16:02:08","modified_gmt":"2021-05-02T16:02:08","slug":"bancadas-fixas-para-ensaios-de-magnetoscopia","status":"publish","type":"product","link":"https:\/\/end.pt\/pt\/product\/bancadas-fixas-para-ensaios-de-magnetoscopia\/","title":{"rendered":"Bancadas fixas para ensaios de Magnetoscopia"},"content":{"rendered":"<p>Bancadas fixas universais para inspec\u00e7\u00e3o magn\u00e9tica de componentes ferromagn\u00e9ticos (pequenas, m\u00e9dias ou grandes dimens\u00f5es). O equipamento permite que o campo magn\u00e9tico seja aplicado ao componente em duas dire\u00e7\u00f5es: transversal e longitudinal, uma dire\u00e7\u00e3o por tempo ou multidirecional.<\/p>\n<p>A magnetiza\u00e7\u00e3o transversal pode ocorrer atrav\u00e9s da passagem da corrente directamente atrav\u00e9s da pe\u00e7a sob inspe\u00e7\u00e3o ou utilizando um condutor central fechado entre as cabe\u00e7as de magnetiza\u00e7\u00e3o. \u00c9 garantido um contacto perfeito entre a pe\u00e7a e as cabe\u00e7as de magnetiza\u00e7\u00e3o utilizando pe\u00e7as de contato especiais de cobre que minimizam o risco de chamas.<\/p>\n<p>A magnetiza\u00e7\u00e3o longitudinal pode ocorrer por uma bobina m\u00f3vel de 5 voltas na vers\u00e3o CEM ou por bobinas multivoltas instaladas nas cabe\u00e7as de magnetiza\u00e7\u00e3o na vers\u00e3o CEMSA. Estas bancadas podem ser movidas e ajustadas manualmente ou semi-autom\u00e1tico, bem como a pulveriza\u00e7\u00e3o de tinta magn\u00e9tica. A bancada \u00e9 equipada com um tanque de coleta e recircula\u00e7\u00e3o (solu\u00e7\u00e3o aquosa e solu\u00e7\u00e3o oleosa).<\/p>\n<p>Quando necess\u00e1rio, pode completar o design da bancada com uma cabine de escurecimento para inspe\u00e7\u00e3o com l\u00edquidos magn\u00e9ticos fluorescentes, l\u00e2mpadas de luz branca ou UV equipadas com seus suportes. No caso de utilizar produtos \u00e0 base de \u00f3leo, pode ser fornecido e instalado uma janela de aspira\u00e7\u00e3o, cortinas \u00e0 prova de fogo para a cabine de escurecimento e um tanque de seguran\u00e7a para recolher poss\u00edveis fugas de l\u00edquidos, colocado sob a bancada conforme a legisla\u00e7\u00e3o ambiental da CE.<\/p>\n<p>A gama de tamanhos das bancadas varia de 500 mm a 3.000 mm \u00e9 poss\u00edvel produzir qualquer tipo de bancada com comprimentos diferentes. Em rela\u00e7\u00e3o \u00e0s correntes e pot\u00eancias de magnetiza\u00e7\u00e3o, est\u00e3o dispon\u00edveis bancos em corrente alterna, assim como HWDC ou FWDC, monof\u00e1sicas e trif\u00e1sicas com pot\u00eancias que geralmente variam de 1.500 a 12.000 A. A pedido, as pot\u00eancias podem ser modificadas.<\/p>\n<p>Os sistemas s\u00e3o certificados CE e fabricados de acordo com as regras em vigor.<\/p>\n","protected":false},"excerpt":{"rendered":"<p>Bancadas fixas universais para inspec\u00e7\u00e3o magn\u00e9tica de componentes ferromagn\u00e9ticos (pequenas, m\u00e9dias ou grandes dimens\u00f5es). O equipamento permite que o campo magn\u00e9tico seja aplicado ao componente em duas dire\u00e7\u00f5es: transversal e longitudinal, uma dire\u00e7\u00e3o por tempo ou multidirecional. A magnetiza\u00e7\u00e3o transversal pode ocorrer atrav\u00e9s da passagem da corrente directamente atrav\u00e9s da pe\u00e7a sob inspe\u00e7\u00e3o ou utilizando [&hellip;]<\/p>\n","protected":false},"featured_media":4160,"template":"","meta":{"_mi_skip_tracking":false},"product_cat":[31,147],"product_tag":[],"class_list":["post-4159","product","type-product","status-publish","has-post-thumbnail","hentry","product_cat-particulas-magneticas","product_cat-sistemas-fixos-transportaveis"],"_links":{"self":[{"href":"https:\/\/end.pt\/pt\/wp-json\/wp\/v3\/product\/4159","targetHints":{"allow":["GET"]}}],"collection":[{"href":"https:\/\/end.pt\/pt\/wp-json\/wp\/v3\/product"}],"about":[{"href":"https:\/\/end.pt\/pt\/wp-json\/wp\/v2\/types\/product"}],"version-history":[{"count":3,"href":"https:\/\/end.pt\/pt\/wp-json\/wp\/v3\/product\/4159\/revisions"}],"predecessor-version":[{"id":5006,"href":"https:\/\/end.pt\/pt\/wp-json\/wp\/v3\/product\/4159\/revisions\/5006"}],"wp:featuredmedia":[{"embeddable":true,"href":"https:\/\/end.pt\/pt\/wp-json\/wp\/v2\/media\/4160"}],"wp:attachment":[{"href":"https:\/\/end.pt\/pt\/wp-json\/wp\/v2\/media?parent=4159"}],"wp:term":[{"taxonomy":"product_cat","embeddable":true,"href":"https:\/\/end.pt\/pt\/wp-json\/wp\/v2\/product_cat?post=4159"},{"taxonomy":"product_tag","embeddable":true,"href":"https:\/\/end.pt\/pt\/wp-json\/wp\/v2\/product_tag?post=4159"}],"curies":[{"name":"wp","href":"https:\/\/api.w.org\/{rel}","templated":true}]}}