{"id":4164,"date":"2020-08-22T10:01:27","date_gmt":"2020-08-22T10:01:27","guid":{"rendered":"https:\/\/end.pt\/pt\/?post_type=product&#038;p=4164"},"modified":"2021-05-02T15:47:22","modified_gmt":"2021-05-02T15:47:22","slug":"tuneis-de-desmagnetizacao","status":"publish","type":"product","link":"https:\/\/end.pt\/pt\/product\/tuneis-de-desmagnetizacao\/","title":{"rendered":"Tuneis de Desmagnetiza\u00e7\u00e3o"},"content":{"rendered":"<p>Ap\u00f3s o ensaio magn\u00e9tico, as pe\u00e7as geralmente precisam ser submetidas a um processo de desmagnetiza\u00e7\u00e3o para trazer seu valor residual de magnetiza\u00e7\u00e3o aos limites impostos pelos padr\u00f5es de refer\u00eancia. Esse tipo de opera\u00e7\u00e3o pode ser efectuada utilizando um t\u00fanel de desmagnetiza\u00e7\u00e3o.<\/p>\n<p>Comercializamos uma variedade de t\u00faneis de desmagnetiza\u00e7\u00e3o universais, com di\u00e2metros de bobina de 200, 300, 400 mm (diferentes di\u00e2metros mediante solicita\u00e7\u00e3o). O t\u00fanel pode ser alimentado em AC ou em DC.<\/p>\n<p>Dependendo dos requisitos, o t\u00fanel pode ser fornecido com um transportador manual ou autom\u00e1tico, suportes espec\u00edficos ou qualquer tipo de equipamento para tornar o sistema o mais seguro poss\u00edvel.<\/p>\n<p>Os sistemas s\u00e3o certificados CE e fabricados de acordo com as regras em vigor.<\/p>\n","protected":false},"excerpt":{"rendered":"<p>Ap\u00f3s o ensaio magn\u00e9tico, as pe\u00e7as geralmente precisam ser submetidas a um processo de desmagnetiza\u00e7\u00e3o para trazer seu valor residual de magnetiza\u00e7\u00e3o aos limites impostos pelos padr\u00f5es de refer\u00eancia. Esse tipo de opera\u00e7\u00e3o pode ser efectuada utilizando um t\u00fanel de desmagnetiza\u00e7\u00e3o. Comercializamos uma variedade de t\u00faneis de desmagnetiza\u00e7\u00e3o universais, com di\u00e2metros de bobina de 200, [&hellip;]<\/p>\n","protected":false},"featured_media":4166,"template":"","meta":{"_mi_skip_tracking":false},"product_cat":[31,147],"product_tag":[],"class_list":["post-4164","product","type-product","status-publish","has-post-thumbnail","hentry","product_cat-particulas-magneticas","product_cat-sistemas-fixos-transportaveis"],"_links":{"self":[{"href":"https:\/\/end.pt\/pt\/wp-json\/wp\/v3\/product\/4164","targetHints":{"allow":["GET"]}}],"collection":[{"href":"https:\/\/end.pt\/pt\/wp-json\/wp\/v3\/product"}],"about":[{"href":"https:\/\/end.pt\/pt\/wp-json\/wp\/v2\/types\/product"}],"version-history":[{"count":2,"href":"https:\/\/end.pt\/pt\/wp-json\/wp\/v3\/product\/4164\/revisions"}],"predecessor-version":[{"id":4999,"href":"https:\/\/end.pt\/pt\/wp-json\/wp\/v3\/product\/4164\/revisions\/4999"}],"wp:featuredmedia":[{"embeddable":true,"href":"https:\/\/end.pt\/pt\/wp-json\/wp\/v2\/media\/4166"}],"wp:attachment":[{"href":"https:\/\/end.pt\/pt\/wp-json\/wp\/v2\/media?parent=4164"}],"wp:term":[{"taxonomy":"product_cat","embeddable":true,"href":"https:\/\/end.pt\/pt\/wp-json\/wp\/v2\/product_cat?post=4164"},{"taxonomy":"product_tag","embeddable":true,"href":"https:\/\/end.pt\/pt\/wp-json\/wp\/v2\/product_tag?post=4164"}],"curies":[{"name":"wp","href":"https:\/\/api.w.org\/{rel}","templated":true}]}}