{"id":4172,"date":"2020-08-22T10:06:09","date_gmt":"2020-08-22T10:06:09","guid":{"rendered":"https:\/\/end.pt\/pt\/?post_type=product&#038;p=4172"},"modified":"2021-05-02T15:47:04","modified_gmt":"2021-05-02T15:47:04","slug":"sistemas-de-magnetoscopia-para-sector-ferroviario","status":"publish","type":"product","link":"https:\/\/end.pt\/pt\/product\/sistemas-de-magnetoscopia-para-sector-ferroviario\/","title":{"rendered":"Sistemas de Magnetoscopia para sector ferrovi\u00e1rio"},"content":{"rendered":"<p>Tendo em conta a grande procura e desenvolvimento no campo de comboios de alta velocidade, nos \u00faltimos anos o sector de ensaios n\u00e3o destrutivos ganhou mais relev\u00e2ncia: a alta qualidade e a fiabilidade dos produtos tornaram-se fundamentais.<\/p>\n<p>A CGM CIGIEMME S.p.A. anula o conceito tradicional de Ensaios Magn\u00e9ticos sobre eixos e rodas ferrovi\u00e1rias, fazendo altera\u00e7\u00f5es relevantes no campo tecnol\u00f3gico. A novidade baseia-se em um engenhoso sistema de inspe\u00e7\u00e3o remoto para eixos e rodas ferrovi\u00e1rias: uma combina\u00e7\u00e3o de luzes UV e c\u00e2maras HD permitem ao Operador, durante o ciclo de inspe\u00e7\u00e3o, a possibilidade de fazer uma verifica\u00e7\u00e3o remota utilizando monitores fora da cabine de inspe\u00e7\u00e3o, procurando falhas directamente da consola de trabalho de uma posi\u00e7\u00e3o confort\u00e1vel.<\/p>\n<p>Os sistemas s\u00e3o projetados de acordo com as necessidades dos clientes. Podem trabalhar numa configura\u00e7\u00e3o \u201caut\u00f3noma\u201d ou podem estar \u201cem linha\u201d numa linha de produ\u00e7\u00e3o autom\u00e1tica.<\/p>\n<p>A HMI das m\u00e1quinas \u00e9 muito inovadora. A inspe\u00e7\u00e3o pode ser monitorizada por uma compila\u00e7\u00e3o autom\u00e1tica de relat\u00f3rios de inspe\u00e7\u00e3o, a fim de obter um registo hist\u00f3rico detalhado.<\/p>\n<p>Alta produtividade, efici\u00eancia tecnol\u00f3gica e uma excelente ergonomia representam os activos principais deste tipo de sistema.<\/p>\n<p>Os sistemas CGM CIGIEMME S.P.A. s\u00e3o certificados CE e fabricados de acordo com as regras em vigor.<\/p>\n","protected":false},"excerpt":{"rendered":"<p>Tendo em conta a grande procura e desenvolvimento no campo de comboios de alta velocidade, nos \u00faltimos anos o sector de ensaios n\u00e3o destrutivos ganhou mais relev\u00e2ncia: a alta qualidade e a fiabilidade dos produtos tornaram-se fundamentais. A CGM CIGIEMME S.p.A. anula o conceito tradicional de Ensaios Magn\u00e9ticos sobre eixos e rodas ferrovi\u00e1rias, fazendo altera\u00e7\u00f5es [&hellip;]<\/p>\n","protected":false},"featured_media":4175,"template":"","meta":{"_mi_skip_tracking":false},"product_cat":[31,147],"product_tag":[],"class_list":["post-4172","product","type-product","status-publish","has-post-thumbnail","hentry","product_cat-particulas-magneticas","product_cat-sistemas-fixos-transportaveis"],"_links":{"self":[{"href":"https:\/\/end.pt\/pt\/wp-json\/wp\/v3\/product\/4172","targetHints":{"allow":["GET"]}}],"collection":[{"href":"https:\/\/end.pt\/pt\/wp-json\/wp\/v3\/product"}],"about":[{"href":"https:\/\/end.pt\/pt\/wp-json\/wp\/v2\/types\/product"}],"version-history":[{"count":3,"href":"https:\/\/end.pt\/pt\/wp-json\/wp\/v3\/product\/4172\/revisions"}],"predecessor-version":[{"id":4998,"href":"https:\/\/end.pt\/pt\/wp-json\/wp\/v3\/product\/4172\/revisions\/4998"}],"wp:featuredmedia":[{"embeddable":true,"href":"https:\/\/end.pt\/pt\/wp-json\/wp\/v2\/media\/4175"}],"wp:attachment":[{"href":"https:\/\/end.pt\/pt\/wp-json\/wp\/v2\/media?parent=4172"}],"wp:term":[{"taxonomy":"product_cat","embeddable":true,"href":"https:\/\/end.pt\/pt\/wp-json\/wp\/v2\/product_cat?post=4172"},{"taxonomy":"product_tag","embeddable":true,"href":"https:\/\/end.pt\/pt\/wp-json\/wp\/v2\/product_tag?post=4172"}],"curies":[{"name":"wp","href":"https:\/\/api.w.org\/{rel}","templated":true}]}}