{"id":4434,"date":"2020-08-30T18:38:42","date_gmt":"2020-08-30T18:38:42","guid":{"rendered":"https:\/\/end.pt\/pt\/?post_type=product&#038;p=4434"},"modified":"2021-05-02T15:36:01","modified_gmt":"2021-05-02T15:36:01","slug":"quimicos-carestream-industrex-para-revelacao","status":"publish","type":"product","link":"https:\/\/end.pt\/pt\/product\/quimicos-carestream-industrex-para-revelacao\/","title":{"rendered":"Qu\u00edmicos Carestream INDUSTREX para Revela\u00e7\u00e3o"},"content":{"rendered":"\t\t<div data-elementor-type=\"product-post\" data-elementor-id=\"4434\" class=\"elementor elementor-4434\">\n\t\t\t\t\t\t<div class=\"elementor-inner\">\n\t\t\t\t<div class=\"elementor-section-wrap\">\n\t\t\t\t\t\t\t\t\t<section class=\"elementor-section elementor-top-section elementor-element elementor-element-c48f50d elementor-section-boxed elementor-section-height-default elementor-section-height-default\" data-id=\"c48f50d\" data-element_type=\"section\">\n\t\t\t\t\t\t<div class=\"elementor-container elementor-column-gap-default\">\n\t\t\t\t\t\t\t<div class=\"elementor-row\">\n\t\t\t\t\t<div class=\"elementor-column elementor-col-50 elementor-top-column elementor-element elementor-element-e16c56e\" data-id=\"e16c56e\" data-element_type=\"column\">\n\t\t\t<div class=\"elementor-column-wrap elementor-element-populated\">\n\t\t\t\t\t\t\t<div class=\"elementor-widget-wrap\">\n\t\t\t\t\t\t<div class=\"elementor-element elementor-element-426e026 elementor-widget elementor-widget-text-editor\" data-id=\"426e026\" data-element_type=\"widget\" data-widget_type=\"text-editor.default\">\n\t\t\t\t<div class=\"elementor-widget-container\">\n\t\t\t\t\t\t\t\t<div class=\"elementor-text-editor elementor-clearfix\">\n\t\t\t\t<p>Disponibilizamos uma vasta gama de qu\u00edmicos para o processo de Revela\u00e7\u00e3o dos filmes, tanto para utiliza\u00e7\u00e3o com as processadoras autom\u00e1ticas, como para revela\u00e7\u00e3o manual, bem como l\u00edquidos especializados para limpeza dos equipamentos e para prepara\u00e7\u00e3o dos banhos.<\/p><p>Instru\u00e7\u00f5es, fichas t\u00e9cnicas e fichas de dados e seguran\u00e7a disponiveis a pedido.<\/p>\t\t\t\t\t<\/div>\n\t\t\t\t\t\t<\/div>\n\t\t\t\t<\/div>\n\t\t\t\t\t\t<\/div>\n\t\t\t\t\t<\/div>\n\t\t<\/div>\n\t\t\t\t<div class=\"elementor-column elementor-col-50 elementor-top-column elementor-element elementor-element-b1eca25\" data-id=\"b1eca25\" data-element_type=\"column\">\n\t\t\t<div class=\"elementor-column-wrap elementor-element-populated\">\n\t\t\t\t\t\t\t<div class=\"elementor-widget-wrap\">\n\t\t\t\t\t\t<div class=\"elementor-element elementor-element-e8e4ef3 elementor-widget elementor-widget-heading\" data-id=\"e8e4ef3\" data-element_type=\"widget\" data-widget_type=\"heading.default\">\n\t\t\t\t<div class=\"elementor-widget-container\">\n\t\t\t<h5 class=\"elementor-heading-title elementor-size-default\">Qu\u00edmicos<\/h5>\t\t<\/div>\n\t\t\t\t<\/div>\n\t\t\t\t<div class=\"elementor-element elementor-element-96cb0a3 elementor-widget elementor-widget-text-editor\" data-id=\"96cb0a3\" data-element_type=\"widget\" data-widget_type=\"text-editor.default\">\n\t\t\t\t<div class=\"elementor-widget-container\">\n\t\t\t\t\t\t\t\t<div class=\"elementor-text-editor elementor-clearfix\">\n\t\t\t\t<ul><li>INDUSTREX Revelador 2x20L<\/li><li>INDUSTREX Fixador 2x20L<\/li><li>INDUSTREX Prepara\u00e7\u00e3o de Banho<\/li><li>INDUSTREX Solu\u00e7\u00e3o de Lavagem<\/li><li>INDUSTREX L\u00edquido de limpeza<\/li><\/ul>\t\t\t\t\t<\/div>\n\t\t\t\t\t\t<\/div>\n\t\t\t\t<\/div>\n\t\t\t\t\t\t<\/div>\n\t\t\t\t\t<\/div>\n\t\t<\/div>\n\t\t\t\t\t\t\t\t<\/div>\n\t\t\t\t\t<\/div>\n\t\t<\/section>\n\t\t\t\t\t\t\t\t\t<\/div>\n\t\t\t<\/div>\n\t\t\t\t\t<\/div>\n\t\t","protected":false},"excerpt":{"rendered":"<p>Disponibilizamos uma vasta gama de qu\u00edmicos para o processo de Revela\u00e7\u00e3o dos filmes, tanto para utiliza\u00e7\u00e3o com as processadoras autom\u00e1ticas, como para revela\u00e7\u00e3o manual, bem como l\u00edquidos especializados para limpeza dos equipamentos e para prepara\u00e7\u00e3o dos banhos. Instru\u00e7\u00f5es, fichas t\u00e9cnicas e fichas de dados e seguran\u00e7a disponiveis a pedido. Qu\u00edmicos INDUSTREX Revelador 2x20L INDUSTREX Fixador [&hellip;]<\/p>\n","protected":false},"featured_media":4435,"template":"","meta":{"_mi_skip_tracking":false},"product_cat":[157,158,37],"product_tag":[],"class_list":["post-4434","product","type-product","status-publish","has-post-thumbnail","hentry","product_cat-acessorios-radiografia-industrial","product_cat-peliculas-quimicos-e-equipamentos-de-revelacao","product_cat-radiografia-industrial"],"_links":{"self":[{"href":"https:\/\/end.pt\/pt\/wp-json\/wp\/v3\/product\/4434","targetHints":{"allow":["GET"]}}],"collection":[{"href":"https:\/\/end.pt\/pt\/wp-json\/wp\/v3\/product"}],"about":[{"href":"https:\/\/end.pt\/pt\/wp-json\/wp\/v2\/types\/product"}],"version-history":[{"count":3,"href":"https:\/\/end.pt\/pt\/wp-json\/wp\/v3\/product\/4434\/revisions"}],"predecessor-version":[{"id":4978,"href":"https:\/\/end.pt\/pt\/wp-json\/wp\/v3\/product\/4434\/revisions\/4978"}],"wp:featuredmedia":[{"embeddable":true,"href":"https:\/\/end.pt\/pt\/wp-json\/wp\/v2\/media\/4435"}],"wp:attachment":[{"href":"https:\/\/end.pt\/pt\/wp-json\/wp\/v2\/media?parent=4434"}],"wp:term":[{"taxonomy":"product_cat","embeddable":true,"href":"https:\/\/end.pt\/pt\/wp-json\/wp\/v2\/product_cat?post=4434"},{"taxonomy":"product_tag","embeddable":true,"href":"https:\/\/end.pt\/pt\/wp-json\/wp\/v2\/product_tag?post=4434"}],"curies":[{"name":"wp","href":"https:\/\/api.w.org\/{rel}","templated":true}]}}