{"id":4446,"date":"2020-08-30T18:43:38","date_gmt":"2020-08-30T18:43:38","guid":{"rendered":"https:\/\/end.pt\/pt\/?post_type=product&#038;p=4446"},"modified":"2021-05-02T15:35:42","modified_gmt":"2021-05-02T15:35:42","slug":"processadora-automatica-carestream-industrex-m43ic","status":"publish","type":"product","link":"https:\/\/end.pt\/pt\/product\/processadora-automatica-carestream-industrex-m43ic\/","title":{"rendered":"Processadora autom\u00e1tica Carestream INDUSTREX M43ic"},"content":{"rendered":"<p>Processadora autom\u00e1tica para filmes radiogr\u00e1ficos industriais, mais robusta, de alta produtividade e de servi\u00e7o simples.<br \/>\nInclui chiller (unidade de resfriamento) e 2 tanques.<br \/>\nProjetada para clientes de Ensaios n\u00e3o destrutivos com necessidades de revela\u00e7\u00e3o e processamento de volume elevado, a processadora INDUSTREX M43ic fornece ciclos m\u00faltiplos de processamento, e processamento \u201cseco-para-seco\u201d em dois minutos.<br \/>\nEsta processadora \u00e9 fornecida tamb\u00e9m com um \u201cchiller\u201d (resfriador) integrado de ciclo fechado, para garantir uma temperatura consistente em ambientes quentes, ou quando o fornecimento de \u00e1gua n\u00e3o \u00e9 controlado por temperatura para melhorar a qualidade da imagem e capacidade em ambientes NDT dif\u00edceis.<\/p>\n","protected":false},"excerpt":{"rendered":"<p>Processadora autom\u00e1tica para filmes radiogr\u00e1ficos industriais, mais robusta, de alta produtividade e de servi\u00e7o simples. Inclui chiller (unidade de resfriamento) e 2 tanques. Projetada para clientes de Ensaios n\u00e3o destrutivos com necessidades de revela\u00e7\u00e3o e processamento de volume elevado, a processadora INDUSTREX M43ic fornece ciclos m\u00faltiplos de processamento, e processamento \u201cseco-para-seco\u201d em dois minutos. Esta [&hellip;]<\/p>\n","protected":false},"featured_media":4447,"template":"","meta":{"_mi_skip_tracking":false},"product_cat":[157,158,37],"product_tag":[],"class_list":["post-4446","product","type-product","status-publish","has-post-thumbnail","hentry","product_cat-acessorios-radiografia-industrial","product_cat-peliculas-quimicos-e-equipamentos-de-revelacao","product_cat-radiografia-industrial"],"_links":{"self":[{"href":"https:\/\/end.pt\/pt\/wp-json\/wp\/v3\/product\/4446","targetHints":{"allow":["GET"]}}],"collection":[{"href":"https:\/\/end.pt\/pt\/wp-json\/wp\/v3\/product"}],"about":[{"href":"https:\/\/end.pt\/pt\/wp-json\/wp\/v2\/types\/product"}],"version-history":[{"count":2,"href":"https:\/\/end.pt\/pt\/wp-json\/wp\/v3\/product\/4446\/revisions"}],"predecessor-version":[{"id":4977,"href":"https:\/\/end.pt\/pt\/wp-json\/wp\/v3\/product\/4446\/revisions\/4977"}],"wp:featuredmedia":[{"embeddable":true,"href":"https:\/\/end.pt\/pt\/wp-json\/wp\/v2\/media\/4447"}],"wp:attachment":[{"href":"https:\/\/end.pt\/pt\/wp-json\/wp\/v2\/media?parent=4446"}],"wp:term":[{"taxonomy":"product_cat","embeddable":true,"href":"https:\/\/end.pt\/pt\/wp-json\/wp\/v2\/product_cat?post=4446"},{"taxonomy":"product_tag","embeddable":true,"href":"https:\/\/end.pt\/pt\/wp-json\/wp\/v2\/product_tag?post=4446"}],"curies":[{"name":"wp","href":"https:\/\/api.w.org\/{rel}","templated":true}]}}