{"id":4483,"date":"2020-08-30T19:18:47","date_gmt":"2020-08-30T19:18:47","guid":{"rendered":"https:\/\/end.pt\/pt\/?post_type=product&#038;p=4483"},"modified":"2021-05-02T15:34:47","modified_gmt":"2021-05-02T15:34:47","slug":"modelo-fv-2010-t-plus","status":"publish","type":"product","link":"https:\/\/end.pt\/pt\/product\/modelo-fv-2010-t-plus\/","title":{"rendered":"Modelo FV-2010-T Plus"},"content":{"rendered":"<p>Negatosc\u00f3pio LED de alta intensidade, com densit\u00f3metro digital de alta precis\u00e3o incorporado e m\u00e1scara electr\u00f3nica.<br \/>\nPossui ilumina\u00e7\u00e3o LED branca, e M\u00e1scara de luz electr\u00f3nica para definir a \u00e1rea de visualiza\u00e7\u00e3o.<br \/>\nLumin\u00e2ncia 130.000 Cd\/m2 = 4.1 D, Dimens\u00f5es: 600 x 80 x 160 mm e Peso 4 kg, com baixa emiss\u00e3o de calor e baixo ru\u00eddo e o baixo consumo energ\u00e9tico.<\/p>\n","protected":false},"excerpt":{"rendered":"<p>Negatosc\u00f3pio LED de alta intensidade, com densit\u00f3metro digital de alta precis\u00e3o incorporado e m\u00e1scara electr\u00f3nica. Possui ilumina\u00e7\u00e3o LED branca, e M\u00e1scara de luz electr\u00f3nica para definir a \u00e1rea de visualiza\u00e7\u00e3o. Lumin\u00e2ncia 130.000 Cd\/m2 = 4.1 D, Dimens\u00f5es: 600 x 80 x 160 mm e Peso 4 kg, com baixa emiss\u00e3o de calor e baixo ru\u00eddo [&hellip;]<\/p>\n","protected":false},"featured_media":4484,"template":"","meta":{"_mi_skip_tracking":false},"product_cat":[157,160,37],"product_tag":[],"class_list":["post-4483","product","type-product","status-publish","has-post-thumbnail","hentry","product_cat-acessorios-radiografia-industrial","product_cat-analise-de-peliculas","product_cat-radiografia-industrial"],"_links":{"self":[{"href":"https:\/\/end.pt\/pt\/wp-json\/wp\/v3\/product\/4483","targetHints":{"allow":["GET"]}}],"collection":[{"href":"https:\/\/end.pt\/pt\/wp-json\/wp\/v3\/product"}],"about":[{"href":"https:\/\/end.pt\/pt\/wp-json\/wp\/v2\/types\/product"}],"version-history":[{"count":2,"href":"https:\/\/end.pt\/pt\/wp-json\/wp\/v3\/product\/4483\/revisions"}],"predecessor-version":[{"id":4975,"href":"https:\/\/end.pt\/pt\/wp-json\/wp\/v3\/product\/4483\/revisions\/4975"}],"wp:featuredmedia":[{"embeddable":true,"href":"https:\/\/end.pt\/pt\/wp-json\/wp\/v2\/media\/4484"}],"wp:attachment":[{"href":"https:\/\/end.pt\/pt\/wp-json\/wp\/v2\/media?parent=4483"}],"wp:term":[{"taxonomy":"product_cat","embeddable":true,"href":"https:\/\/end.pt\/pt\/wp-json\/wp\/v2\/product_cat?post=4483"},{"taxonomy":"product_tag","embeddable":true,"href":"https:\/\/end.pt\/pt\/wp-json\/wp\/v2\/product_tag?post=4483"}],"curies":[{"name":"wp","href":"https:\/\/api.w.org\/{rel}","templated":true}]}}