{"id":4639,"date":"2020-11-21T21:26:36","date_gmt":"2020-11-21T21:26:36","guid":{"rendered":"https:\/\/end.pt\/pt\/?post_type=product&#038;p=4639"},"modified":"2021-05-02T15:34:19","modified_gmt":"2021-05-02T15:34:19","slug":"surfix-easy-x","status":"publish","type":"product","link":"https:\/\/end.pt\/pt\/product\/surfix-easy-x\/","title":{"rendered":"Surfix Easy X"},"content":{"rendered":"<p>Medidor de espessura de camadas pequeno com sonda integrada ou externa, simples de utilizar, r\u00e1pido e preciso, para medi\u00e7\u00e3o da espessura de camadas em superf\u00edcies ferrosas e n\u00e3o ferrosas. Desenhado para condi\u00e7\u00f5es de trabalho dif\u00edceis e adversas na zona de ensaio, bem como para uso em laborat\u00f3rio.<\/p>\n<p>Equipamento com fun\u00e7\u00f5es estat\u00edsticas e possibilidade de calibrar o zero, fornecido com 1 folha padr\u00e3o e um padr\u00e3o zero.<\/p>\n<p>As sondas de medi\u00e7\u00e3o da gama Surfix Easy t\u00eam pontas de carbono altamente resistentes ao desgaste, o que significa uma dura\u00e7\u00e3o de vida quase ilimitada. Dispon\u00edvel em 4 vers\u00f5es.<\/p>\n<ul>\n<li>\n<h5><span style=\"color: #0000ff;\">Vers\u00e3o Surfix Easy X I-FN<\/span><\/h5>\n<p>Medidor de bolso com sonda integrada, para medi\u00e7\u00e3o da espessura em camadas ferrosas e n\u00e3o ferrosas, com gama de medi\u00e7\u00e3o de 0-3.500 \u03bcm (bases ferrosas) e 0-3.000 \u03bcm (bases n\u00e3o ferrosas).<\/p>\n<p>Conjunto inclui medidor com sonda, capa de protec\u00e7\u00e3o de borracha, 1 folha padr\u00e3o, Padr\u00e3o zero (a\u00e7o\/alum\u00ednio), 2 pilhas AAA, manual de funcionamento, certificado do fabricante, mala de transporte.<\/li>\n<li>\n<h5><span style=\"color: #0000ff;\">Vers\u00e3o Surfix Easy X I-F<\/span><\/h5>\n<p>Medidor de bolso com sonda integrada, para medi\u00e7\u00e3o da espessura em camadas ferrosas, com gama de medi\u00e7\u00e3o de 0-3.500 \u03bcm (bases ferrosas).<\/p>\n<p>Conjunto inclui medidor com sonda, capa de protec\u00e7\u00e3o de borracha, 1 folha padr\u00e3o, Padr\u00e3o zero (a\u00e7o\/alum\u00ednio), 2 pilhas AAA, m anual de funcionamento, certificado do fabricante, mala de transporte.<\/li>\n<li>\n<h5><span style=\"color: #0000ff;\">Vers\u00e3o Surfix Easy X E-FN<\/span><\/h5>\n<p>Medidor de bolso com sonda externa fixa, para medi\u00e7\u00e3o em zonas de dif\u00edcil acesso da espessura em camadas ferrosas e n\u00e3o ferrosas, com gama de medi\u00e7\u00e3o de 0-3.500 \u03bcm (bases ferrosas) e 0-3.000 \u03bcm (bases n\u00e3o ferrosas).<\/p>\n<p>Conjunto inclui medidor com sonda, capa de protec\u00e7\u00e3o de borracha, 1 folha padr\u00e3o, Padr\u00e3o zero (a\u00e7o\/alum\u00ednio), 2 pilhas AAA, manual de funcionamento, certificado do fabricante, mala de transporte.<\/li>\n<li>\n<h5><span style=\"color: #0000ff;\">Vers\u00e3o Surfix Easy X E-F<\/span><\/h5>\n<p>Medidor de bolso com sonda externa fixa, para medi\u00e7\u00e3o em zonas de dif\u00edcil acesso da espessura em camadas ferrosas, com gama de medi\u00e7\u00e3o de 0-3.500 \u03bcm (bases ferrosas).<\/p>\n<p>Conjunto inclui medidor com sonda, capa de protec\u00e7\u00e3o de borracha, 1 folha padr\u00e3o, Padr\u00e3o zero (a\u00e7o\/alum\u00ednio), 2 pilhas AAA, manual de funcionamento, certificado do fabricante, mala de transporte.<\/li>\n<\/ul>\n","protected":false},"excerpt":{"rendered":"<p>Medidor de espessura de camadas pequeno com sonda integrada ou externa, simples de utilizar, r\u00e1pido e preciso, para medi\u00e7\u00e3o da espessura de camadas em superf\u00edcies ferrosas e n\u00e3o ferrosas. Desenhado para condi\u00e7\u00f5es de trabalho dif\u00edceis e adversas na zona de ensaio, bem como para uso em laborat\u00f3rio. Equipamento com fun\u00e7\u00f5es estat\u00edsticas e possibilidade de calibrar [&hellip;]<\/p>\n","protected":false},"featured_media":4645,"template":"","meta":{"_mi_skip_tracking":false},"product_cat":[41],"product_tag":[],"class_list":["post-4639","product","type-product","status-publish","has-post-thumbnail","hentry","product_cat-medidores-de-espessuras-de-camadas"],"_links":{"self":[{"href":"https:\/\/end.pt\/pt\/wp-json\/wp\/v3\/product\/4639","targetHints":{"allow":["GET"]}}],"collection":[{"href":"https:\/\/end.pt\/pt\/wp-json\/wp\/v3\/product"}],"about":[{"href":"https:\/\/end.pt\/pt\/wp-json\/wp\/v2\/types\/product"}],"version-history":[{"count":2,"href":"https:\/\/end.pt\/pt\/wp-json\/wp\/v3\/product\/4639\/revisions"}],"predecessor-version":[{"id":4974,"href":"https:\/\/end.pt\/pt\/wp-json\/wp\/v3\/product\/4639\/revisions\/4974"}],"wp:featuredmedia":[{"embeddable":true,"href":"https:\/\/end.pt\/pt\/wp-json\/wp\/v2\/media\/4645"}],"wp:attachment":[{"href":"https:\/\/end.pt\/pt\/wp-json\/wp\/v2\/media?parent=4639"}],"wp:term":[{"taxonomy":"product_cat","embeddable":true,"href":"https:\/\/end.pt\/pt\/wp-json\/wp\/v2\/product_cat?post=4639"},{"taxonomy":"product_tag","embeddable":true,"href":"https:\/\/end.pt\/pt\/wp-json\/wp\/v2\/product_tag?post=4639"}],"curies":[{"name":"wp","href":"https:\/\/api.w.org\/{rel}","templated":true}]}}