{"id":4647,"date":"2020-11-21T21:37:48","date_gmt":"2020-11-21T21:37:48","guid":{"rendered":"https:\/\/end.pt\/pt\/?post_type=product&#038;p=4647"},"modified":"2021-05-02T15:32:51","modified_gmt":"2021-05-02T15:32:51","slug":"pocket-surfix-x","status":"publish","type":"product","link":"https:\/\/end.pt\/pt\/product\/pocket-surfix-x\/","title":{"rendered":"Pocket Surfix X"},"content":{"rendered":"<p>Medidor de espessura de camadas pequeno com sonda integrada, que possibilita uma medi\u00e7\u00e3o r\u00e1pida, fi\u00e1vel e precisa da espessura de camadas em superf\u00edcies ferrosas e n\u00e3o ferrosas.<\/p>\n<p>Equipamento muito \u00fatil e robusto, com fun\u00e7\u00f5es estat\u00edsticas, mem\u00f3ria de dados, e capacidade de liga\u00e7\u00e3o ao PC via USB.<\/p>\n<p>Fornecido com capa de protec\u00e7\u00e3o de borracha, 2 folhas calibra\u00e7\u00e3o, 2 pilhas AAA, manual de funcionamento, Software PHYNIX.connect, certificado do fabricante e mala de transporte.<\/p>\n<p>Dispon\u00edvel em 3 vers\u00f5es.<\/p>\n<ul>\n<li>\n<h5><span style=\"color: #0000ff;\">Vers\u00e3o Pocket Surfix X FN<\/span><\/h5>\n<p>Medidor de bolso com gama de medi\u00e7\u00e3o de 0 \u2013 1.500 \u03bcm, para medi\u00e7\u00e3o da espessura em camadas ferrosas e n\u00e3o ferrosas.<\/p>\n<p>Conjunto inclui medidor com sonda, capa de protec\u00e7\u00e3o de borracha, 2 folhas calibra\u00e7\u00e3o, 2 pilhas AAA, manual de funcionamento, Software PHYNIX.connect, certificado do fabricante e mala de transporte.<\/li>\n<li>\n<h5><span style=\"color: #0000ff;\">Vers\u00e3o Pocket Surfix X F<\/span><\/h5>\n<p>Medidor de bolso com gama de medi\u00e7\u00e3o de 0 \u2013 1.500 \u03bcm, para medi\u00e7\u00e3o da espessura em camadas ferrosas (ferro e a\u00e7o).<\/p>\n<p>Conjunto inclui medidor com sonda, capa de protec\u00e7\u00e3o de borracha, 2 folhas calibra\u00e7\u00e3o, 2 pilhas AAA, manual de funcionamento, Software PHYNIX.connect, certificado do fabricante e mala de transporte.<\/li>\n<li>\n<h5><span style=\"color: #0000ff;\">Vers\u00e3o Pocket Surfix X N<\/span><\/h5>\n<p>Medidor de bolso com gama de medi\u00e7\u00e3o de 0 \u2013 1.500 \u03bcm, para medi\u00e7\u00e3o da espessura em camadas n\u00e3o ferrosas.<\/p>\n<p>Conjunto inclui medidor com sonda, capa de protec\u00e7\u00e3o de borracha, 2 folhas calibra\u00e7\u00e3o, 2 pilhas AAA, manual de funcionamento, Software PHYNIX.connect, certificado do fabricante e mala de transporte.<\/li>\n<\/ul>\n","protected":false},"excerpt":{"rendered":"<p>Medidor de espessura de camadas pequeno com sonda integrada, que possibilita uma medi\u00e7\u00e3o r\u00e1pida, fi\u00e1vel e precisa da espessura de camadas em superf\u00edcies ferrosas e n\u00e3o ferrosas. Equipamento muito \u00fatil e robusto, com fun\u00e7\u00f5es estat\u00edsticas, mem\u00f3ria de dados, e capacidade de liga\u00e7\u00e3o ao PC via USB. Fornecido com capa de protec\u00e7\u00e3o de borracha, 2 folhas [&hellip;]<\/p>\n","protected":false},"featured_media":4650,"template":"","meta":{"_mi_skip_tracking":false},"product_cat":[41],"product_tag":[],"class_list":["post-4647","product","type-product","status-publish","has-post-thumbnail","hentry","product_cat-medidores-de-espessuras-de-camadas"],"_links":{"self":[{"href":"https:\/\/end.pt\/pt\/wp-json\/wp\/v3\/product\/4647","targetHints":{"allow":["GET"]}}],"collection":[{"href":"https:\/\/end.pt\/pt\/wp-json\/wp\/v3\/product"}],"about":[{"href":"https:\/\/end.pt\/pt\/wp-json\/wp\/v2\/types\/product"}],"version-history":[{"count":3,"href":"https:\/\/end.pt\/pt\/wp-json\/wp\/v3\/product\/4647\/revisions"}],"predecessor-version":[{"id":4973,"href":"https:\/\/end.pt\/pt\/wp-json\/wp\/v3\/product\/4647\/revisions\/4973"}],"wp:featuredmedia":[{"embeddable":true,"href":"https:\/\/end.pt\/pt\/wp-json\/wp\/v2\/media\/4650"}],"wp:attachment":[{"href":"https:\/\/end.pt\/pt\/wp-json\/wp\/v2\/media?parent=4647"}],"wp:term":[{"taxonomy":"product_cat","embeddable":true,"href":"https:\/\/end.pt\/pt\/wp-json\/wp\/v2\/product_cat?post=4647"},{"taxonomy":"product_tag","embeddable":true,"href":"https:\/\/end.pt\/pt\/wp-json\/wp\/v2\/product_tag?post=4647"}],"curies":[{"name":"wp","href":"https:\/\/api.w.org\/{rel}","templated":true}]}}