{"id":4654,"date":"2020-11-21T21:50:39","date_gmt":"2020-11-21T21:50:39","guid":{"rendered":"https:\/\/end.pt\/pt\/?post_type=product&#038;p=4654"},"modified":"2021-05-02T15:32:09","modified_gmt":"2021-05-02T15:32:09","slug":"surfix-sx-e-surfix-ex","status":"publish","type":"product","link":"https:\/\/end.pt\/pt\/product\/surfix-sx-e-surfix-ex\/","title":{"rendered":"Surfix SX e Surfix EX"},"content":{"rendered":"<p>Medidor de espessura de camadas avan\u00e7ado, r\u00e1pido e preciso, com display gr\u00e1fico a cores, mem\u00f3ria interna, liga\u00e7\u00e3o ao PC e simples opera\u00e7\u00e3o.<\/p>\n<p>O modelo Surfix SX pode ser ligado a todas as sondas do cat\u00e1logo Phynix. Devido \u00e0 vasta selec\u00e7\u00e3o de sondas intercambi\u00e1veis dispon\u00edvel, oferece uma grande gama de aplica\u00e7\u00f5es de medi\u00e7\u00e3o tanto em bases met\u00e1licas ferrosas como n\u00e3o ferrosas.<\/p>\n<p>Em contrapartida, o modelo Surfix EX possui uma sonda standard fixa, e \u00e9 mais adequado para aplica\u00e7\u00f5es onde as tarefas de medi\u00e7\u00e3o est\u00e3o claramente definidas, sendo uma op\u00e7\u00e3o mais econ\u00f3mica.<\/p>\n<p>Ambos os modelos possuem uma mem\u00f3ria interna ampliada, que permite armazenar at\u00e9 2.000 valores medidos, e liga\u00e7\u00e3o ao computador atrav\u00e9s de USB 2.0, a gest\u00e3o e tratamento dos dados e leituras \u00e9 bastante simples, utilizando o cabo e software de transfer\u00eancia fornecido para transferir os valores e exportar para Excel.<\/p>\n<p>Fornecido num conjunto completo que inclui o Medidor, capa de protec\u00e7\u00e3o de borracha, 2 folhas de calibra\u00e7\u00e3o, padr\u00e3o zero (a\u00e7o\/alum\u00ednio), mala de transporte, 2 pilhas AA, software transfer\u00eancia de dados, manual de funcionamento e certificado do fabricante<\/p>\n<p>Dispon\u00edvel tamb\u00e9m numa vers\u00e3o Basic \u2013 mais econ\u00f3mica, sem capacidade de mem\u00f3ria e outras fun\u00e7\u00f5es estat\u00edsticas.<\/p>\n","protected":false},"excerpt":{"rendered":"<p>Medidor de espessura de camadas avan\u00e7ado, r\u00e1pido e preciso, com display gr\u00e1fico a cores, mem\u00f3ria interna, liga\u00e7\u00e3o ao PC e simples opera\u00e7\u00e3o. O modelo Surfix SX pode ser ligado a todas as sondas do cat\u00e1logo Phynix. Devido \u00e0 vasta selec\u00e7\u00e3o de sondas intercambi\u00e1veis dispon\u00edvel, oferece uma grande gama de aplica\u00e7\u00f5es de medi\u00e7\u00e3o tanto em bases [&hellip;]<\/p>\n","protected":false},"featured_media":4655,"template":"","meta":{"_mi_skip_tracking":false},"product_cat":[41],"product_tag":[],"class_list":["post-4654","product","type-product","status-publish","has-post-thumbnail","hentry","product_cat-medidores-de-espessuras-de-camadas"],"_links":{"self":[{"href":"https:\/\/end.pt\/pt\/wp-json\/wp\/v3\/product\/4654","targetHints":{"allow":["GET"]}}],"collection":[{"href":"https:\/\/end.pt\/pt\/wp-json\/wp\/v3\/product"}],"about":[{"href":"https:\/\/end.pt\/pt\/wp-json\/wp\/v2\/types\/product"}],"version-history":[{"count":3,"href":"https:\/\/end.pt\/pt\/wp-json\/wp\/v3\/product\/4654\/revisions"}],"predecessor-version":[{"id":4972,"href":"https:\/\/end.pt\/pt\/wp-json\/wp\/v3\/product\/4654\/revisions\/4972"}],"wp:featuredmedia":[{"embeddable":true,"href":"https:\/\/end.pt\/pt\/wp-json\/wp\/v2\/media\/4655"}],"wp:attachment":[{"href":"https:\/\/end.pt\/pt\/wp-json\/wp\/v2\/media?parent=4654"}],"wp:term":[{"taxonomy":"product_cat","embeddable":true,"href":"https:\/\/end.pt\/pt\/wp-json\/wp\/v2\/product_cat?post=4654"},{"taxonomy":"product_tag","embeddable":true,"href":"https:\/\/end.pt\/pt\/wp-json\/wp\/v2\/product_tag?post=4654"}],"curies":[{"name":"wp","href":"https:\/\/api.w.org\/{rel}","templated":true}]}}