{"id":4658,"date":"2020-11-21T21:54:48","date_gmt":"2020-11-21T21:54:48","guid":{"rendered":"https:\/\/end.pt\/pt\/?post_type=product&#038;p=4658"},"modified":"2021-05-02T15:31:44","modified_gmt":"2021-05-02T15:31:44","slug":"surfix-pro-x","status":"publish","type":"product","link":"https:\/\/end.pt\/pt\/product\/surfix-pro-x\/","title":{"rendered":"Surfix Pro X"},"content":{"rendered":"<p>Medidor de espessura de camadas topo de gama, que inclui v\u00e1rias fun\u00e7\u00f5es para ir ao encontro dos altos requisitos da medi\u00e7\u00e3o de espessura de camadas moderna.<\/p>\n<p>A caracter\u00edstica mais marcante do modelo Surfix Pro X \u00e9 o seu ecr\u00e3 gr\u00e1fico a cores de alta resolu\u00e7\u00e3o. O alto contraste e display colorido permitem uma leitura precisa das medi\u00e7\u00f5es \u00e0 dist\u00e2ncia ou no escuro, e o interface intuitivo e multi-idiomas permite uma r\u00e1pida an\u00e1lise dos dados on-site e previne erros de opera\u00e7\u00e3o.<\/p>\n<p>O Surfix Pro X integra dois interfaces de networking e conectividade: Bluetooth 4.0 e USB 2.0 que ajudam a integrar facilmente o Surfix Pro X num ambiente de produ\u00e7\u00e3o existente.<\/p>\n<p>O medidor possui tamb\u00e9m uma grande mem\u00f3ria de dados, para at\u00e9 100.000 leituras, opcional com data, hora e calibra\u00e7\u00e3o.<\/p>\n<p>Em conjunto com todo o cat\u00e1logo de sondas permut\u00e1veis da Phynix, o medidor Surfix Pro X garante a mais alta precis\u00e3o, combinada com facilidade de utiliza\u00e7\u00e3o em quase todas as aplica\u00e7\u00f5es.<\/p>\n<p>Fornecido num conjunto completo que inclui o Medidor, capa de protec\u00e7\u00e3o de borracha, 2 folhas de calibra\u00e7\u00e3o, padr\u00e3o zero (a\u00e7o\/alum\u00ednio), mala de transporte, 2 pilhas AA, software transfer\u00eancia de dados, manual de funcionamento e certificado do fabricante.<\/p>\n","protected":false},"excerpt":{"rendered":"<p>Medidor de espessura de camadas topo de gama, que inclui v\u00e1rias fun\u00e7\u00f5es para ir ao encontro dos altos requisitos da medi\u00e7\u00e3o de espessura de camadas moderna. A caracter\u00edstica mais marcante do modelo Surfix Pro X \u00e9 o seu ecr\u00e3 gr\u00e1fico a cores de alta resolu\u00e7\u00e3o. O alto contraste e display colorido permitem uma leitura precisa [&hellip;]<\/p>\n","protected":false},"featured_media":4659,"template":"","meta":{"_mi_skip_tracking":false},"product_cat":[41],"product_tag":[],"class_list":["post-4658","product","type-product","status-publish","has-post-thumbnail","hentry","product_cat-medidores-de-espessuras-de-camadas"],"_links":{"self":[{"href":"https:\/\/end.pt\/pt\/wp-json\/wp\/v3\/product\/4658","targetHints":{"allow":["GET"]}}],"collection":[{"href":"https:\/\/end.pt\/pt\/wp-json\/wp\/v3\/product"}],"about":[{"href":"https:\/\/end.pt\/pt\/wp-json\/wp\/v2\/types\/product"}],"version-history":[{"count":2,"href":"https:\/\/end.pt\/pt\/wp-json\/wp\/v3\/product\/4658\/revisions"}],"predecessor-version":[{"id":4970,"href":"https:\/\/end.pt\/pt\/wp-json\/wp\/v3\/product\/4658\/revisions\/4970"}],"wp:featuredmedia":[{"embeddable":true,"href":"https:\/\/end.pt\/pt\/wp-json\/wp\/v2\/media\/4659"}],"wp:attachment":[{"href":"https:\/\/end.pt\/pt\/wp-json\/wp\/v2\/media?parent=4658"}],"wp:term":[{"taxonomy":"product_cat","embeddable":true,"href":"https:\/\/end.pt\/pt\/wp-json\/wp\/v2\/product_cat?post=4658"},{"taxonomy":"product_tag","embeddable":true,"href":"https:\/\/end.pt\/pt\/wp-json\/wp\/v2\/product_tag?post=4658"}],"curies":[{"name":"wp","href":"https:\/\/api.w.org\/{rel}","templated":true}]}}