{"id":4663,"date":"2020-11-21T22:12:38","date_gmt":"2020-11-21T22:12:38","guid":{"rendered":"https:\/\/end.pt\/pt\/?post_type=product&#038;p=4663"},"modified":"2021-05-02T15:31:17","modified_gmt":"2021-05-02T15:31:17","slug":"medidor-de-campo-magnetico-mp-800","status":"publish","type":"product","link":"https:\/\/end.pt\/pt\/product\/medidor-de-campo-magnetico-mp-800\/","title":{"rendered":"MEDIDOR DE CAMPO MAGN\u00c9TICO \u2013 MP-800"},"content":{"rendered":"<p>Medidor de campo magn\u00e9tico pequeno e f\u00e1cil de operar, que mede com precis\u00e3o todo o tipo de campos magn\u00e9ticos.<\/p>\n<p>Muito simples de utilizar \u00e9 capaz de medir os campos DC e AC exatos, bem como os valores m\u00e1ximos para campos pulsados, possui diferentes gamas e unidades de medi\u00e7\u00e3o, como A\/cm, Gauss\/Oersted e (Milli)-Tesla.<\/p>\n<p>Dispon\u00edvel em dois modelos, com sonda axial (MP-800A) ou com sonda tangencial (MP-800T), consoante a necessidade de medi\u00e7\u00e3o.<\/p>\n<p>\u00c9 poss\u00edvel ainda enviar com facilidade os resultados de medi\u00e7\u00e3o para o computador ou telem\u00f3vel por Bluetooth, atrav\u00e9s do software para PC ou app m\u00f3vel Android gratuita.<\/p>\n<p>Fornecido com sonda integrada, adaptador Bluetooth, mala e certificado de calibra\u00e7\u00e3o, est\u00e1 dispon\u00edvel ainda como op\u00e7\u00e3o um bloco de calibra\u00e7\u00e3o, para verificar a precis\u00e3o do equipamento.<\/p>\n","protected":false},"excerpt":{"rendered":"<p>Medidor de campo magn\u00e9tico pequeno e f\u00e1cil de operar, que mede com precis\u00e3o todo o tipo de campos magn\u00e9ticos. Muito simples de utilizar \u00e9 capaz de medir os campos DC e AC exatos, bem como os valores m\u00e1ximos para campos pulsados, possui diferentes gamas e unidades de medi\u00e7\u00e3o, como A\/cm, Gauss\/Oersted e (Milli)-Tesla. Dispon\u00edvel em [&hellip;]<\/p>\n","protected":false},"featured_media":4664,"template":"","meta":{"_mi_skip_tracking":false},"product_cat":[42],"product_tag":[],"class_list":["post-4663","product","type-product","status-publish","has-post-thumbnail","hentry","product_cat-medidores-de-magnetismo"],"_links":{"self":[{"href":"https:\/\/end.pt\/pt\/wp-json\/wp\/v3\/product\/4663","targetHints":{"allow":["GET"]}}],"collection":[{"href":"https:\/\/end.pt\/pt\/wp-json\/wp\/v3\/product"}],"about":[{"href":"https:\/\/end.pt\/pt\/wp-json\/wp\/v2\/types\/product"}],"version-history":[{"count":2,"href":"https:\/\/end.pt\/pt\/wp-json\/wp\/v3\/product\/4663\/revisions"}],"predecessor-version":[{"id":4969,"href":"https:\/\/end.pt\/pt\/wp-json\/wp\/v3\/product\/4663\/revisions\/4969"}],"wp:featuredmedia":[{"embeddable":true,"href":"https:\/\/end.pt\/pt\/wp-json\/wp\/v2\/media\/4664"}],"wp:attachment":[{"href":"https:\/\/end.pt\/pt\/wp-json\/wp\/v2\/media?parent=4663"}],"wp:term":[{"taxonomy":"product_cat","embeddable":true,"href":"https:\/\/end.pt\/pt\/wp-json\/wp\/v2\/product_cat?post=4663"},{"taxonomy":"product_tag","embeddable":true,"href":"https:\/\/end.pt\/pt\/wp-json\/wp\/v2\/product_tag?post=4663"}],"curies":[{"name":"wp","href":"https:\/\/api.w.org\/{rel}","templated":true}]}}