{"id":4669,"date":"2020-11-21T22:19:15","date_gmt":"2020-11-21T22:19:15","guid":{"rendered":"https:\/\/end.pt\/pt\/?post_type=product&#038;p=4669"},"modified":"2021-05-02T15:30:19","modified_gmt":"2021-05-02T15:30:19","slug":"medidor-de-permeabilidade-magnetica-modelo-ferromaster","status":"publish","type":"product","link":"https:\/\/end.pt\/pt\/product\/medidor-de-permeabilidade-magnetica-modelo-ferromaster\/","title":{"rendered":"Medidor de Permeabilidade Magn\u00e9tica (Modelo FERROMASTER)"},"content":{"rendered":"<p>Equipamento port\u00e1til simples de f\u00e1cil utiliza\u00e7\u00e3o, para medi\u00e7\u00e3o da Permeabilidade Magn\u00e9tica Relativa \u03bcr, de materiais e pe\u00e7as com fraco magnetismo, com permeabilidade entre 1.001 e 1.999.<\/p>\n","protected":false},"excerpt":{"rendered":"<p>Equipamento port\u00e1til simples de f\u00e1cil utiliza\u00e7\u00e3o, para medi\u00e7\u00e3o da Permeabilidade Magn\u00e9tica Relativa \u03bcr, de materiais e pe\u00e7as com fraco magnetismo, com permeabilidade entre 1.001 e 1.999.<\/p>\n","protected":false},"featured_media":4670,"template":"","meta":{"_mi_skip_tracking":false},"product_cat":[42],"product_tag":[],"class_list":["post-4669","product","type-product","status-publish","has-post-thumbnail","hentry","product_cat-medidores-de-magnetismo"],"_links":{"self":[{"href":"https:\/\/end.pt\/pt\/wp-json\/wp\/v3\/product\/4669","targetHints":{"allow":["GET"]}}],"collection":[{"href":"https:\/\/end.pt\/pt\/wp-json\/wp\/v3\/product"}],"about":[{"href":"https:\/\/end.pt\/pt\/wp-json\/wp\/v2\/types\/product"}],"version-history":[{"count":2,"href":"https:\/\/end.pt\/pt\/wp-json\/wp\/v3\/product\/4669\/revisions"}],"predecessor-version":[{"id":4968,"href":"https:\/\/end.pt\/pt\/wp-json\/wp\/v3\/product\/4669\/revisions\/4968"}],"wp:featuredmedia":[{"embeddable":true,"href":"https:\/\/end.pt\/pt\/wp-json\/wp\/v2\/media\/4670"}],"wp:attachment":[{"href":"https:\/\/end.pt\/pt\/wp-json\/wp\/v2\/media?parent=4669"}],"wp:term":[{"taxonomy":"product_cat","embeddable":true,"href":"https:\/\/end.pt\/pt\/wp-json\/wp\/v2\/product_cat?post=4669"},{"taxonomy":"product_tag","embeddable":true,"href":"https:\/\/end.pt\/pt\/wp-json\/wp\/v2\/product_tag?post=4669"}],"curies":[{"name":"wp","href":"https:\/\/api.w.org\/{rel}","templated":true}]}}