{"id":4673,"date":"2020-11-22T17:48:07","date_gmt":"2020-11-22T17:48:07","guid":{"rendered":"https:\/\/end.pt\/pt\/?post_type=product&#038;p=4673"},"modified":"2021-05-02T15:29:59","modified_gmt":"2021-05-02T15:29:59","slug":"medidor-de-durezas-webster","status":"publish","type":"product","link":"https:\/\/end.pt\/pt\/product\/medidor-de-durezas-webster\/","title":{"rendered":"MEDIDOR DE DUREZAS WEBSTER"},"content":{"rendered":"<p>Medidor de durezas port\u00e1til, r\u00e1pido e preciso, dispon\u00edvel em v\u00e1rios modelos para testes em materiais como o alum\u00ednio, lat\u00e3o, cobre e a\u00e7o macio. Identifica rapidamente \u201ctempers\u201d. Mede uma variedade de formas que outros medidores n\u00e3o conseguem: Extrus\u00f5es, Tubagens e \u201cFlat Stock\u201d.<\/p>\n<p><span style=\"color: #993300;\"><em><strong>O dur\u00f3metro Modelo B<\/strong><\/em><\/span>, foi desenhado para cobrir a dureza de ligas de alum\u00ednio desde a s\u00e9rie 110 at\u00e9 \u00e0 s\u00e9rie 7075. As 20 gradua\u00e7\u00f5es do indicador em disco mostrador Webster cobrem a gama entre 25 e 110 na escala Rockwell E.<\/p>\n<p><em><strong><span style=\"color: #993300;\">O dur\u00f3metro Modelo B-75<\/span><\/strong><\/em>, foi desenvolvido para obter respostas mais sens\u00edveis a pequenas altera\u00e7\u00f5es na gama superior de durezas cobertas pelo Modelo B. Esta sensibilidade \u00e9 particularmente \u00fatil em medi\u00e7\u00f5es de a\u00e7o macio e de ligas de alum\u00ednio mais fortes. Para lat\u00e3o o B-75 cobre a gama de \u201cannealed\u201d to \u201cfull-hard\u201d. Este acr\u00e9scimo de sensibilidade \u00e9 conseguido incorporando um penetrador com um perfil ligeiramente diferente e uma mola de suporte mais pesada que a utilizada no Modelo B. As 20 gradua\u00e7\u00f5es do indicador em disco mostrador Webster cobrem a gama entre 20 e 100 na escala Rockwell B.<\/p>\n<p><em><strong><span style=\"color: #993300;\">O dur\u00f3metro Modelo BB-75<\/span><\/strong><\/em>, foi desenvolvido para responder \u00e0 necessidade de certas ind\u00fastrias de um m\u00e9todo de testar rapidamente a dureza de cobre electro-depositado e cobre na gama baixa de dureza. O penetrador B-75 \u00e9 utilizado para dar sensibilidade e a mola do Modelo B \u00e9 empregue para dar leves press\u00f5es. Esta combina\u00e7\u00e3o permite ao utilizador testar a gama suave\/leve de muitos materiais comuns.<\/p>\n<p>Al\u00e9m dos medidores de dureza, podemos tamb\u00e9m oferecer padr\u00f5es de dureza Webster. Estes foram projetados especificamente para determinar se o medidor est\u00e1 calibrado corretamente.<\/p>\n","protected":false},"excerpt":{"rendered":"<p>Medidor de durezas port\u00e1til, r\u00e1pido e preciso, dispon\u00edvel em v\u00e1rios modelos para testes em materiais como o alum\u00ednio, lat\u00e3o, cobre e a\u00e7o macio. Identifica rapidamente \u201ctempers\u201d. Mede uma variedade de formas que outros medidores n\u00e3o conseguem: Extrus\u00f5es, Tubagens e \u201cFlat Stock\u201d. O dur\u00f3metro Modelo B, foi desenhado para cobrir a dureza de ligas de alum\u00ednio [&hellip;]<\/p>\n","protected":false},"featured_media":4674,"template":"","meta":{"_mi_skip_tracking":false},"product_cat":[43],"product_tag":[],"class_list":["post-4673","product","type-product","status-publish","has-post-thumbnail","hentry","product_cat-durometros"],"_links":{"self":[{"href":"https:\/\/end.pt\/pt\/wp-json\/wp\/v3\/product\/4673","targetHints":{"allow":["GET"]}}],"collection":[{"href":"https:\/\/end.pt\/pt\/wp-json\/wp\/v3\/product"}],"about":[{"href":"https:\/\/end.pt\/pt\/wp-json\/wp\/v2\/types\/product"}],"version-history":[{"count":3,"href":"https:\/\/end.pt\/pt\/wp-json\/wp\/v3\/product\/4673\/revisions"}],"predecessor-version":[{"id":4967,"href":"https:\/\/end.pt\/pt\/wp-json\/wp\/v3\/product\/4673\/revisions\/4967"}],"wp:featuredmedia":[{"embeddable":true,"href":"https:\/\/end.pt\/pt\/wp-json\/wp\/v2\/media\/4674"}],"wp:attachment":[{"href":"https:\/\/end.pt\/pt\/wp-json\/wp\/v2\/media?parent=4673"}],"wp:term":[{"taxonomy":"product_cat","embeddable":true,"href":"https:\/\/end.pt\/pt\/wp-json\/wp\/v2\/product_cat?post=4673"},{"taxonomy":"product_tag","embeddable":true,"href":"https:\/\/end.pt\/pt\/wp-json\/wp\/v2\/product_tag?post=4673"}],"curies":[{"name":"wp","href":"https:\/\/api.w.org\/{rel}","templated":true}]}}