{"id":4680,"date":"2020-11-22T17:54:57","date_gmt":"2020-11-22T17:54:57","guid":{"rendered":"https:\/\/end.pt\/pt\/?post_type=product&#038;p=4680"},"modified":"2021-05-02T15:28:56","modified_gmt":"2021-05-02T15:28:56","slug":"medidor-de-durezas-leeb-modelo-t-d3","status":"publish","type":"product","link":"https:\/\/end.pt\/pt\/product\/medidor-de-durezas-leeb-modelo-t-d3\/","title":{"rendered":"MEDIDOR DE DUREZAS LEEB \u2013 Modelo T-D3"},"content":{"rendered":"<p>O dur\u00f3metro port\u00e1til Leeb T-D3 \u00e9 um equipamento de medi\u00e7\u00e3o de durezas de alta precis\u00e3o, multi-funcional, conveniente, robusto, fi\u00e1vel e econ\u00f3mico; com uma vasta gama de durezas e modos de medi\u00e7\u00e3o, e calibra\u00e7\u00e3o de qualquer escala em qualquer gama. Com v\u00e1rias fun\u00e7\u00f5es de visualiza\u00e7\u00e3o, estat\u00edsticas e liga\u00e7\u00e3o ao PC, disp\u00f5e tamb\u00e9m e uma c\u00e2mara embutida, para fotografar a pe\u00e7a em teste, e marcar a \u00e1rea de teste com o respectivo valor de dureza.<\/p>\n<p>Utiliza o m\u00e9todo de medi\u00e7\u00e3o Leeb &#8211; o m\u00e9todo mais popular no mundo para testar a dureza de metais utilizando um medidor de dureza port\u00e1til (ASTM A956). Este m\u00e9todo de determinar a dureza, tamb\u00e9m conhecido como m\u00e9todo din\u00e2mico, \u00e9 generalizado no seu uso devido \u00e0 sua facilidade. O utilizador n\u00e3o necessita de habilidades e\/ou conhecimentos especiais no campo da medi\u00e7\u00e3o de dureza para realizar a medi\u00e7\u00e3o, \u00e9 somente necess\u00e1rio carregar o corpo de impacto da sonda do equipamento, instalar a sonda na superf\u00edcie a testar, e pressionar o bot\u00e3o de liberta\u00e7\u00e3o da sonda, e o valor da dureza \u00e9 exibido no ecr\u00e3 do medidor.<\/p>\n<p>Este m\u00e9todo \u00e9 recomendado para produtos de grande porte, com pesos desde 5 kg e espessura de 10 mm ou mais, no entanto, cumprindo certos requisitos, \u00e9 poss\u00edvel medir tamb\u00e9m pe\u00e7as pequenas.<\/p>\n<p>O T-D3 inclui calibra\u00e7\u00f5es preliminares para v\u00e1rias escalas e materiais, o que o torna um dispositivo universal.<\/p>\n<p>ESCALAS: HRC, HRB, HB, HV, HL, MPa.<\/p>\n<p>MATERIAIS: a\u00e7o, liga de a\u00e7o, ferro fundido, a\u00e7o inoxid\u00e1vel, alum\u00ednio, bronze, lat\u00e3o, cobre.<\/p>\n<p>Pode tamb\u00e9m ser calibrado para qualquer escala e material definido pelo utilizador (escala USER).<\/p>\n<p>O dur\u00f3metro Leeb T-D3 pode tamb\u00e9m ser usado para produtos com uma superf\u00edcie mal preparada (rugosidade de 3,2 Ra e maior), bem como para materiais com uma estrutura de granula\u00e7\u00e3o grossa, como ferro fundido e outros.<\/p>\n<p>O medidor de dureza T-D3 pode ser usado com v\u00e1rios tipos de sondas, dependendo do tipo de ensaio e superf\u00edcie. Possui um ecr\u00e3 gr\u00e1fico a cores de grandes dimens\u00f5es com luz de fundo brilhante, v\u00e1rios modos de medi\u00e7\u00e3o e fun\u00e7\u00f5es como estat\u00edstica, gr\u00e1fico, histograma, inteligente, sinal, foto-fixa\u00e7\u00e3o de objectos a testar, uma grande mem\u00f3ria interna com comunica\u00e7\u00e3o com o PC, e c\u00e2mara fotogr\u00e1fica.<\/p>\n","protected":false},"excerpt":{"rendered":"<p>O dur\u00f3metro port\u00e1til Leeb T-D3 \u00e9 um equipamento de medi\u00e7\u00e3o de durezas de alta precis\u00e3o, multifuncional, conveniente, robusto, fi\u00e1vel e econ\u00f3mico; com uma vasta gama de durezas e modos de medi\u00e7\u00e3o, e calibra\u00e7\u00e3o de qualquer escala em qualquer gama. Com v\u00e1rias fun\u00e7\u00f5es de visualiza\u00e7\u00e3o, estat\u00edsticas e liga\u00e7\u00e3o ao PC, disp\u00f5e tamb\u00e9m e uma c\u00e2mara embutida, para fotografar a pe\u00e7a em teste, e marcar a \u00e1rea de teste com o respectivo valor de dureza.<\/p>\n<p>Utiliza o m\u00e9todo de medi\u00e7\u00e3o Leeb &#8211; o m\u00e9todo mais popular no mundo para testar a dureza de metais utilizando um medidor de dureza port\u00e1til (ASTM A956). Este m\u00e9todo de determinar a dureza, tamb\u00e9m conhecido como m\u00e9todo din\u00e2mico, \u00e9 generalizado no seu uso \u00a0devido \u00e0 sua facilidade. O utilizador n\u00e3o necessita de habilidades e\/ou conhecimentos especiais no campo da medi\u00e7\u00e3o de dureza para realizar a medi\u00e7\u00e3o, \u00e9 somente necess\u00e1rio carregar o corpo de impacto da sonda do equipamento, instalar a sonda na superf\u00edcie a testar, e pressionar o bot\u00e3o de liberta\u00e7\u00e3o da sonda, e o valor da dureza \u00e9 exibido no ecr\u00e3 do medidor.<\/p>\n<p>Este m\u00e9todo \u00e9 recomendado para produtos de grande porte, com pesos desde 5 kg e espessura de 10 mm ou mais, no entanto, cumprindo certos requisitos, \u00e9 poss\u00edvel medir tamb\u00e9m pe\u00e7as pequenas.<\/p>\n<p>O T-D3 inclui calibra\u00e7\u00f5es preliminares para v\u00e1rias escalas e materiais, o que o torna um dispositivo universal.<\/p>\n<p>ESCALAS: HRC, HRB, HB, HV, HL, MPa.<\/p>\n<p>MATERIAIS: a\u00e7o, liga de a\u00e7o, ferro fundido, a\u00e7o inoxid\u00e1vel, alum\u00ednio, bronze, lat\u00e3o, cobre.<\/p>\n<p>Pode tamb\u00e9m ser calibrado para qualquer escala e material definido pelo utilizador (escala USER).<\/p>\n<p>O dur\u00f3metro Leeb T-D3 pode tamb\u00e9m ser usado para produtos com uma superf\u00edcie mal preparada (rugosidade de 3,2 Ra e maior), bem como para materiais com uma estrutura de granula\u00e7\u00e3o grossa, como ferro fundido e outros.<\/p>\n<p>O medidor de dureza T-D3 pode ser usado com v\u00e1rios tipos de sondas, dependendo do tipo de ensaio e superf\u00edcie. Possui um ecr\u00e3 gr\u00e1fico a cores de grandes dimens\u00f5es com luz de fundo brilhante, v\u00e1rios modos de medi\u00e7\u00e3o e fun\u00e7\u00f5es como estat\u00edstica, gr\u00e1fico, histograma, inteligente, sinal, fotofixa\u00e7\u00e3o de objectos a testar, uma grande mem\u00f3ria interna com comunica\u00e7\u00e3o com o PC, e c\u00e2mara fotogr\u00e1fica.<\/p>\n","protected":false},"featured_media":4683,"template":"","meta":{"_mi_skip_tracking":false},"product_cat":[43],"product_tag":[],"class_list":["post-4680","product","type-product","status-publish","has-post-thumbnail","hentry","product_cat-durometros"],"_links":{"self":[{"href":"https:\/\/end.pt\/pt\/wp-json\/wp\/v3\/product\/4680","targetHints":{"allow":["GET"]}}],"collection":[{"href":"https:\/\/end.pt\/pt\/wp-json\/wp\/v3\/product"}],"about":[{"href":"https:\/\/end.pt\/pt\/wp-json\/wp\/v2\/types\/product"}],"version-history":[{"count":2,"href":"https:\/\/end.pt\/pt\/wp-json\/wp\/v3\/product\/4680\/revisions"}],"predecessor-version":[{"id":4965,"href":"https:\/\/end.pt\/pt\/wp-json\/wp\/v3\/product\/4680\/revisions\/4965"}],"wp:featuredmedia":[{"embeddable":true,"href":"https:\/\/end.pt\/pt\/wp-json\/wp\/v2\/media\/4683"}],"wp:attachment":[{"href":"https:\/\/end.pt\/pt\/wp-json\/wp\/v2\/media?parent=4680"}],"wp:term":[{"taxonomy":"product_cat","embeddable":true,"href":"https:\/\/end.pt\/pt\/wp-json\/wp\/v2\/product_cat?post=4680"},{"taxonomy":"product_tag","embeddable":true,"href":"https:\/\/end.pt\/pt\/wp-json\/wp\/v2\/product_tag?post=4680"}],"curies":[{"name":"wp","href":"https:\/\/api.w.org\/{rel}","templated":true}]}}