{"id":4688,"date":"2020-11-22T18:16:12","date_gmt":"2020-11-22T18:16:12","guid":{"rendered":"https:\/\/end.pt\/pt\/?post_type=product&#038;p=4688"},"modified":"2021-05-02T15:28:18","modified_gmt":"2021-05-02T15:28:18","slug":"medidor-de-durezas-leeb-modelo-t-u3","status":"publish","type":"product","link":"https:\/\/end.pt\/pt\/product\/medidor-de-durezas-leeb-modelo-t-u3\/","title":{"rendered":"MEDIDOR DE DUREZAS LEEB \u2013 Modelo T-U3"},"content":{"rendered":"<p>O dur\u00f3metro port\u00e1til UCI T-U3 \u00e9 um equipamento de de medi\u00e7\u00e3o de durezas de alta precis\u00e3o, multi funcional, conveniente, robusto, fi\u00e1vel e econ\u00f3mico; com uma vasta gama de durezas e modos de medi\u00e7\u00e3o e opera\u00e7\u00e3o, e calibra\u00e7\u00e3o de qualquer escala em qualquer gama. Com v\u00e1rias fun\u00e7\u00f5es de visualiza\u00e7\u00e3o, estat\u00edsticas e liga\u00e7\u00e3o ao PC, disp\u00f5e tamb\u00e9m e uma c\u00e2mara embutida, para fotografar a pe\u00e7a em teste, e marcar a \u00e1rea de teste com o respectivo valor de dureza.<\/p>\n<p>Utiliza o m\u00e9todo de imped\u00e2ncia de contacto ultra-s\u00f3nico \u2013 m\u00e9todo UCI, de acordo com a norma ASTM A1038 \u2013 este m\u00e9todo permite medir a dureza em objectos que o m\u00e9todo Leeb n\u00e3o permite.<\/p>\n<p>Uma haste vibrat\u00f3ria (ressonador mec\u00e2nico) com ponta de diamante actua como indentor, quando indenta no material, a frequ\u00eancia base do ressonador altera-se, com base na qual a dureza \u00e9 calculada. Este \u00e9 um m\u00e9todo comprovado em todo o mundo e j\u00e1 \u00e9 utilizado na ind\u00fastria h\u00e1 mais de 50 anos.<\/p>\n<p>Este medidor permite ao utilizador medir a dureza de objectos com espessuras de desde 1 mm (ou mais finas com um acess\u00f3rio adicional), e \u00e9 poss\u00edvel tamb\u00e9m realizar ensaios de dureza a objectos com peso de apenas 100gr ou menos, sem fixa\u00e7\u00e3o e acess\u00f3rios adicionais. Al\u00e9m disso, uma vez que a sonda de medi\u00e7\u00e3o UCI necessita apenas de uma \u00e1rea de alguns mil\u00edmetros para o ensaio, \u00e9 poss\u00edvel medir a dureza em locais de dif\u00edcil acesso, objectos com formas complexas, zonas afetada por soldadura e calor (HAZ), dentes de engrenagem, etc.<\/p>\n<p>Finalmente a impress\u00e3o deixada pelo indentor no m\u00e9todo UCI \u00e9 de v\u00e1rios m\u00edcrons e praticamente n\u00e3o \u00e9 detectada a olho nu, em compara\u00e7\u00e3o com o m\u00e9todo Leeb, cuja impress\u00e3o tem cerca de 500 m\u00edcrons de di\u00e2metro, dependendo da dureza. Tamb\u00e9m possibilita medir a dureza de camadas endurecidas (nitreta\u00e7\u00e3o, cimenta\u00e7\u00e3o, etc.).<\/p>\n<p>Est\u00e3o dispon\u00edveis v\u00e1rias tipos de sondas com cargas diferentes (10N, 50N, 98N), conforme as necessidades de medi\u00e7\u00e3o do utilizador, bem como v\u00e1rios tipos de acess\u00f3rios para as sondas para ajudar o utilizador nas medi\u00e7\u00f5es de diferentes superf\u00edcies (bico para manter a perpendicularidade da penetra\u00e7\u00e3o do indentador em superf\u00edcies planas, acess\u00f3rio para instalar a sonda em superf\u00edcies radiais, ou para medi\u00e7\u00e3o de pe\u00e7as pequenas e ranhuras).<\/p>\n<p>Equipamento avan\u00e7ado, possui um ecr\u00e3 gr\u00e1fico a cores de grandes dimens\u00f5es com luz de fundo brilhante, v\u00e1rios modos de medi\u00e7\u00e3o e fun\u00e7\u00f5es como estat\u00edstica, gr\u00e1fico, histograma, inteligente, sinal, foto fixa\u00e7\u00e3o de objectos a testar, uma grande mem\u00f3ria interna com comunica\u00e7\u00e3o com o PC, e c\u00e2mara fotogr\u00e1fica.<\/p>\n<p>O medidor de dureza Leeb T-U2 possui ainda um software especial para transfer\u00eancia e gest\u00e3o das medi\u00e7\u00f5es.<\/p>\n","protected":false},"excerpt":{"rendered":"<p>O dur\u00f3metro port\u00e1til UCI T-U3 \u00e9 um equipamento de de medi\u00e7\u00e3o de durezas de alta precis\u00e3o, multi funcional, conveniente, robusto, fi\u00e1vel e econ\u00f3mico; com uma vasta gama de durezas e modos de medi\u00e7\u00e3o e opera\u00e7\u00e3o, e calibra\u00e7\u00e3o de qualquer escala em qualquer gama. Com v\u00e1rias fun\u00e7\u00f5es de visualiza\u00e7\u00e3o, estat\u00edsticas e liga\u00e7\u00e3o ao PC, disp\u00f5e tamb\u00e9m [&hellip;]<\/p>\n","protected":false},"featured_media":4701,"template":"","meta":{"_mi_skip_tracking":false},"product_cat":[43],"product_tag":[],"class_list":["post-4688","product","type-product","status-publish","has-post-thumbnail","hentry","product_cat-durometros"],"_links":{"self":[{"href":"https:\/\/end.pt\/pt\/wp-json\/wp\/v3\/product\/4688","targetHints":{"allow":["GET"]}}],"collection":[{"href":"https:\/\/end.pt\/pt\/wp-json\/wp\/v3\/product"}],"about":[{"href":"https:\/\/end.pt\/pt\/wp-json\/wp\/v2\/types\/product"}],"version-history":[{"count":3,"href":"https:\/\/end.pt\/pt\/wp-json\/wp\/v3\/product\/4688\/revisions"}],"predecessor-version":[{"id":4964,"href":"https:\/\/end.pt\/pt\/wp-json\/wp\/v3\/product\/4688\/revisions\/4964"}],"wp:featuredmedia":[{"embeddable":true,"href":"https:\/\/end.pt\/pt\/wp-json\/wp\/v2\/media\/4701"}],"wp:attachment":[{"href":"https:\/\/end.pt\/pt\/wp-json\/wp\/v2\/media?parent=4688"}],"wp:term":[{"taxonomy":"product_cat","embeddable":true,"href":"https:\/\/end.pt\/pt\/wp-json\/wp\/v2\/product_cat?post=4688"},{"taxonomy":"product_tag","embeddable":true,"href":"https:\/\/end.pt\/pt\/wp-json\/wp\/v2\/product_tag?post=4688"}],"curies":[{"name":"wp","href":"https:\/\/api.w.org\/{rel}","templated":true}]}}