{"id":4703,"date":"2020-11-22T18:20:07","date_gmt":"2020-11-22T18:20:07","guid":{"rendered":"https:\/\/end.pt\/pt\/?post_type=product&#038;p=4703"},"modified":"2021-05-02T15:25:54","modified_gmt":"2021-05-02T15:25:54","slug":"medidor-de-durezas-leeb-modelo-t-ud3","status":"publish","type":"product","link":"https:\/\/end.pt\/pt\/product\/medidor-de-durezas-leeb-modelo-t-ud3\/","title":{"rendered":"MEDIDOR DE DUREZAS LEEB \u2013 Modelo T-UD3"},"content":{"rendered":"<p>O dur\u00f3metro port\u00e1til T-UD3 \u00e9 um equipamento avan\u00e7ado de alta precis\u00e3o, multi funcional, conveniente, robusto e fi\u00e1vel; com uma vasta gama de durezas e modos de medi\u00e7\u00e3o e opera\u00e7\u00e3o, e calibra\u00e7\u00e3o de qualquer escala em qualquer gama. Com v\u00e1rias fun\u00e7\u00f5es de visualiza\u00e7\u00e3o, estat\u00edsticas e liga\u00e7\u00e3o ao PC, disp\u00f5e tamb\u00e9m e uma c\u00e2mara embutida, para fotografar a pe\u00e7a em teste, e marcar a \u00e1rea de teste com o respectivo valor de dureza.<\/p>\n<p>Combina os dois m\u00e9todos de medi\u00e7\u00e3o de dureza: ressalto\/Leeb (ASTM A956) e imped\u00e2ncia de contacto ultra-s\u00f3nica UCI (ASTM A1038). Esta versatilidade e capacidade de ligar os dois tipos de sondas, combina as vantagens de ambos os m\u00e9todos, e permite ao operador testar em todo o tipo de produtos de metal, efectuar um teste espec\u00edfico, medir a dureza em pe\u00e7as de qualquer forma ou espessura, medir a dureza de camadas endurecidas, avaliar a resist\u00eancia \u00e0 trac\u00e7\u00e3o, etc.<\/p>\n<p>A habilidade de utilizar ambos os m\u00e9todos de medi\u00e7\u00e3o e ligar ambos os tipos de sonda sem desligar o equipamento, permite a ao utilizador medir a dureza de objectos met\u00e1licos completamente diferentes, com diferentes formas, estruturas, materiais e grau de prepara\u00e7\u00e3o da superf\u00edcie, com a mesma unidade, apenas substituindo a sonda.<\/p>\n<p>Al\u00e9m disso todas as vantagens dos diferentes m\u00e9todos est\u00e3o dispon\u00edveis tais como a medi\u00e7\u00e3o de pequenas pe\u00e7as com espessura de 1mm (ou mais finas com um acess\u00f3rio adicional) e peso de 100gr e a medi\u00e7\u00e3o de objectos com formas complexas, ranhuras, superf\u00edcies com pequeno raio e locais de dif\u00edcil acesso pelo m\u00e9todo UCI, bem como a medi\u00e7\u00e3o de dureza em produtos maci\u00e7os com superf\u00edcies pouco ou mal preparada (rugosidade at\u00e9 3,2 Ra), e medi\u00e7\u00e3o de objectos com uma estrutura de granula\u00e7\u00e3o grossa, sem uma dispers\u00e3o significativa das medi\u00e7\u00f5es do m\u00e9todo Leeb.<\/p>\n<p>Inclui ainda as calibra\u00e7\u00f5es da sonda Leeb para v\u00e1rios materiais e escalas, o dispositivo torna-se uma ferramenta universal para medi\u00e7\u00e3o da dureza dos metais mais comuns.<\/p>\n<p>Equipamento de topo, possui um ecr\u00e3 gr\u00e1fico a cores de grandes dimens\u00f5es com luz de fundo brilhante, v\u00e1rios modos de medi\u00e7\u00e3o e fun\u00e7\u00f5es como estat\u00edstica, gr\u00e1fico, histograma, inteligente, sinal, foto-fixa\u00e7\u00e3o de objectos a testar, uma grande mem\u00f3ria interna com comunica\u00e7\u00e3o com o PC, e c\u00e2mara fotogr\u00e1fica.<\/p>\n<p>Est\u00e3o dispon\u00edveis ainda v\u00e1rias sondas de diversos tipos, tanto tipo Leeb como tipo UCI, compat\u00edveis com o dur\u00f3metro, de acordo com os requisitos de medi\u00e7\u00e3o de dureza.<\/p>\n<p>O medidor de dureza Leeb T-UD2 possui ainda um software especial para transfer\u00eancia e gest\u00e3o das medi\u00e7\u00f5es.<\/p>\n","protected":false},"excerpt":{"rendered":"<p>O dur\u00f3metro port\u00e1til T-UD3 \u00e9 um equipamento avan\u00e7ado de alta precis\u00e3o, multi funcional, conveniente, robusto e fi\u00e1vel; com uma vasta gama de durezas e modos de medi\u00e7\u00e3o e opera\u00e7\u00e3o, e calibra\u00e7\u00e3o de qualquer escala em qualquer gama. Com v\u00e1rias fun\u00e7\u00f5es de visualiza\u00e7\u00e3o, estat\u00edsticas e liga\u00e7\u00e3o ao PC, disp\u00f5e tamb\u00e9m e uma c\u00e2mara embutida, para fotografar [&hellip;]<\/p>\n","protected":false},"featured_media":4715,"template":"","meta":{"_mi_skip_tracking":false},"product_cat":[43],"product_tag":[],"class_list":["post-4703","product","type-product","status-publish","has-post-thumbnail","hentry","product_cat-durometros"],"_links":{"self":[{"href":"https:\/\/end.pt\/pt\/wp-json\/wp\/v3\/product\/4703","targetHints":{"allow":["GET"]}}],"collection":[{"href":"https:\/\/end.pt\/pt\/wp-json\/wp\/v3\/product"}],"about":[{"href":"https:\/\/end.pt\/pt\/wp-json\/wp\/v2\/types\/product"}],"version-history":[{"count":3,"href":"https:\/\/end.pt\/pt\/wp-json\/wp\/v3\/product\/4703\/revisions"}],"predecessor-version":[{"id":4962,"href":"https:\/\/end.pt\/pt\/wp-json\/wp\/v3\/product\/4703\/revisions\/4962"}],"wp:featuredmedia":[{"embeddable":true,"href":"https:\/\/end.pt\/pt\/wp-json\/wp\/v2\/media\/4715"}],"wp:attachment":[{"href":"https:\/\/end.pt\/pt\/wp-json\/wp\/v2\/media?parent=4703"}],"wp:term":[{"taxonomy":"product_cat","embeddable":true,"href":"https:\/\/end.pt\/pt\/wp-json\/wp\/v2\/product_cat?post=4703"},{"taxonomy":"product_tag","embeddable":true,"href":"https:\/\/end.pt\/pt\/wp-json\/wp\/v2\/product_tag?post=4703"}],"curies":[{"name":"wp","href":"https:\/\/api.w.org\/{rel}","templated":true}]}}