{"id":4717,"date":"2020-11-22T21:28:54","date_gmt":"2020-11-22T21:28:54","guid":{"rendered":"https:\/\/end.pt\/pt\/?post_type=product&#038;p=4717"},"modified":"2021-05-02T15:22:22","modified_gmt":"2021-05-02T15:22:22","slug":"medidor-de-durezas-leeb-modelo-t-d2","status":"publish","type":"product","link":"https:\/\/end.pt\/pt\/product\/medidor-de-durezas-leeb-modelo-t-d2\/","title":{"rendered":"MEDIDOR DE DUREZAS LEEB \u2013 Modelo T-D2"},"content":{"rendered":"<p>O dur\u00f3metro port\u00e1til T-D2 Leeb foi desenhado para medi\u00e7\u00f5es r\u00e1pidas n\u00e3o destrutivas da dureza de v\u00e1rios objectos. Utiliza o m\u00e9todo din\u00e2mico da medi\u00e7\u00e3o de dureza \u2013 m\u00e9todo Leeb (muito simples e pr\u00e1tico), de acordo com a norma ASTM A596 \u2013 uma sonda Leeb \u00e9 utilizada para medir a dureza de objectos massivos (mais de 5kg e mais de 10mm) e feitos de a\u00e7o, a\u00e7o inox, metais n\u00e3o ferrosos, ferro, produtos s\u00f3lidos, etc.<\/p>\n<p>Este m\u00e9todo permite ao utilizador medir a dureza de produtos com uma superf\u00edcie mal preparada (rugosidade at\u00e9 3,2 Ra), bem como materiais de granula\u00e7\u00e3o grossa, como ferro fundido, etc. No entanto, deve-se notar que o m\u00e9todo din\u00e2mico sem medidas adicionais apenas permite testar a dureza de objectos suficientemente maci\u00e7os (peso superior a 5 kg, espessura da parede no local da medi\u00e7\u00e3o superior a 10 mm).<\/p>\n<p>O T-D2 est\u00e1 calibrado para medir a dureza de a\u00e7os, ferro fundido, a\u00e7os inoxid\u00e1veis, alum\u00ednio em todas as principais escalas &#8211; Rockwell, Brinell e Vickers, bem como permite avaliar a resist\u00eancia \u00e0 tra\u00e7\u00e3o. Se necess\u00e1rio, o utilizador pode criar uma calibra\u00e7\u00e3o adicional para qualquer escala e material.<\/p>\n<p>Equipamento muito resistente e robusto, com uma capa protectora de silicone \u00e0 prova de choque. O display \u00e9 vis\u00edvel ao Sol, e quando utilizado no escuro possui uma luz de fundo ajust\u00e1vel. Pode ser utilizado tanto no frio (at\u00e9 -25\u00baC) como em condi\u00e7\u00f5es de altas temperaturas.<\/p>\n<p>Est\u00e3o dispon\u00edveis ainda v\u00e1rias sondas de diversos tipos compat\u00edveis com o dur\u00f3metro, de acordo com os requisitos de medi\u00e7\u00e3o de dureza.<\/p>\n<p>O medidor de dureza Leeb T-D2 possui ainda um software especial para gerir as medi\u00e7\u00f5es gravadas.<\/p>\n","protected":false},"excerpt":{"rendered":"<p>O dur\u00f3metro port\u00e1til T-D2 Leeb foi desenhado para medi\u00e7\u00f5es r\u00e1pidas n\u00e3o destrutivas da dureza de v\u00e1rios objectos. Utiliza o m\u00e9todo din\u00e2mico da medi\u00e7\u00e3o de dureza \u2013 m\u00e9todo Leeb (muito simples e pr\u00e1tico), de acordo com a norma ASTM A596 \u2013 uma sonda Leeb \u00e9 utilizada para medir a dureza de objectos massivos (mais de 5kg [&hellip;]<\/p>\n","protected":false},"featured_media":4725,"template":"","meta":{"_mi_skip_tracking":false},"product_cat":[43],"product_tag":[],"class_list":["post-4717","product","type-product","status-publish","has-post-thumbnail","hentry","product_cat-durometros"],"_links":{"self":[{"href":"https:\/\/end.pt\/pt\/wp-json\/wp\/v3\/product\/4717","targetHints":{"allow":["GET"]}}],"collection":[{"href":"https:\/\/end.pt\/pt\/wp-json\/wp\/v3\/product"}],"about":[{"href":"https:\/\/end.pt\/pt\/wp-json\/wp\/v2\/types\/product"}],"version-history":[{"count":3,"href":"https:\/\/end.pt\/pt\/wp-json\/wp\/v3\/product\/4717\/revisions"}],"predecessor-version":[{"id":4960,"href":"https:\/\/end.pt\/pt\/wp-json\/wp\/v3\/product\/4717\/revisions\/4960"}],"wp:featuredmedia":[{"embeddable":true,"href":"https:\/\/end.pt\/pt\/wp-json\/wp\/v2\/media\/4725"}],"wp:attachment":[{"href":"https:\/\/end.pt\/pt\/wp-json\/wp\/v2\/media?parent=4717"}],"wp:term":[{"taxonomy":"product_cat","embeddable":true,"href":"https:\/\/end.pt\/pt\/wp-json\/wp\/v2\/product_cat?post=4717"},{"taxonomy":"product_tag","embeddable":true,"href":"https:\/\/end.pt\/pt\/wp-json\/wp\/v2\/product_tag?post=4717"}],"curies":[{"name":"wp","href":"https:\/\/api.w.org\/{rel}","templated":true}]}}