{"id":4728,"date":"2020-11-22T21:32:16","date_gmt":"2020-11-22T21:32:16","guid":{"rendered":"https:\/\/end.pt\/pt\/?post_type=product&#038;p=4728"},"modified":"2021-05-02T15:21:43","modified_gmt":"2021-05-02T15:21:43","slug":"medidor-de-durezas-uci-modelo-t-u2","status":"publish","type":"product","link":"https:\/\/end.pt\/pt\/product\/medidor-de-durezas-uci-modelo-t-u2\/","title":{"rendered":"MEDIDOR DE DUREZAS UCI \u2013 Modelo T-U2"},"content":{"rendered":"<p>O dur\u00f3metro port\u00e1til T-U2 UCI foi desenhado para medi\u00e7\u00f5es r\u00e1pidas n\u00e3o destrutivas da dureza de metais e ligas, nas escalas internacionais de dureza Rockwell (HRC), Brinel (HB), Vickers (HV). Pode tamb\u00e9m utilizar a escala de resist\u00eancia \u00e0 tra\u00e7\u00e3o (Rm) para determinar a for\u00e7a de tens\u00e3o de produtos ao recalcular automaticamente a partir da escala de dureza Brinell (HB).<\/p>\n<p>Utiliza o m\u00e9todo de imped\u00e2ncia de contacto ultra-s\u00f3nico \u2013 m\u00e9todo UCI, de acordo com a norma ASTM A1038 \u2013 para medir a dureza de objectos com paredes finas (espessura m\u00ednima desde 1mm, ou menos com um acess\u00f3rio especial), produtos pequenos (com peso de apenas 100gr ou menos), objectos com formatos complexos (como dentes de engrenagem, rolamentos, etc.), e locais de dificil acesso que necessitem de ser testados (como ranhuras, superf\u00edcies de raio, soldaduras, etc.).<\/p>\n<p>A impress\u00e3o na superf\u00edcie ap\u00f3s a medi\u00e7\u00e3o com o dur\u00f3metro T-U2 UCI \u00e9 muito pequena, o m\u00e9todo \u00e9 considerado o mais n\u00e3o destrutivo dos utilizados nos medidores de dureza port\u00e1teis. Al\u00e9m disso, a penetra\u00e7\u00e3o superficial do indentador permite medir a dureza de camadas endurecidas, como nitreta\u00e7\u00e3o, cimenta\u00e7\u00e3o, etc.<\/p>\n<p>Equipamento muito resistente e robusto, com uma capa protectora de silicone \u00e0 prova de choque.<\/p>\n<p>Est\u00e3o dispon\u00edveis v\u00e1rias tipos de sondas com cargas diferentes (10N, 50N, 98N), conforme as necessidades de medi\u00e7\u00e3o do utilizador, bem como v\u00e1rios tipos de acess\u00f3rios para as sondas para ajudar o utilizador nas medi\u00e7\u00f5es de diferentes superf\u00edcies (bico para manter a perpendicularidade da penetra\u00e7\u00e3o do indentador em superf\u00edcies planas, acess\u00f3rio para instalar a sonda em superf\u00edcies radiais, ou para medi\u00e7\u00e3o de pe\u00e7as pequenas e ranhuras).<\/p>\n<p>O medidor de dureza Leeb T-U2 possui ainda um software especial para transfer\u00eancia e gest\u00e3o das medi\u00e7\u00f5es.<\/p>\n","protected":false},"excerpt":{"rendered":"<p>O dur\u00f3metro port\u00e1til T-U2 UCI foi desenhado para medi\u00e7\u00f5es r\u00e1pidas n\u00e3o destrutivas da dureza de metais e ligas, nas escalas internacionais de dureza Rockwell (HRC), Brinel (HB), Vickers (HV). Pode tamb\u00e9m utilizar a escala de resist\u00eancia \u00e0 tra\u00e7\u00e3o (Rm) para determinar a for\u00e7a de tens\u00e3o de produtos ao recalcular automaticamente a partir da escala de [&hellip;]<\/p>\n","protected":false},"featured_media":4738,"template":"","meta":{"_mi_skip_tracking":false},"product_cat":[43],"product_tag":[],"class_list":["post-4728","product","type-product","status-publish","has-post-thumbnail","hentry","product_cat-durometros"],"_links":{"self":[{"href":"https:\/\/end.pt\/pt\/wp-json\/wp\/v3\/product\/4728","targetHints":{"allow":["GET"]}}],"collection":[{"href":"https:\/\/end.pt\/pt\/wp-json\/wp\/v3\/product"}],"about":[{"href":"https:\/\/end.pt\/pt\/wp-json\/wp\/v2\/types\/product"}],"version-history":[{"count":2,"href":"https:\/\/end.pt\/pt\/wp-json\/wp\/v3\/product\/4728\/revisions"}],"predecessor-version":[{"id":4959,"href":"https:\/\/end.pt\/pt\/wp-json\/wp\/v3\/product\/4728\/revisions\/4959"}],"wp:featuredmedia":[{"embeddable":true,"href":"https:\/\/end.pt\/pt\/wp-json\/wp\/v2\/media\/4738"}],"wp:attachment":[{"href":"https:\/\/end.pt\/pt\/wp-json\/wp\/v2\/media?parent=4728"}],"wp:term":[{"taxonomy":"product_cat","embeddable":true,"href":"https:\/\/end.pt\/pt\/wp-json\/wp\/v2\/product_cat?post=4728"},{"taxonomy":"product_tag","embeddable":true,"href":"https:\/\/end.pt\/pt\/wp-json\/wp\/v2\/product_tag?post=4728"}],"curies":[{"name":"wp","href":"https:\/\/api.w.org\/{rel}","templated":true}]}}