{"id":4740,"date":"2020-11-22T21:34:46","date_gmt":"2020-11-22T21:34:46","guid":{"rendered":"https:\/\/end.pt\/pt\/?post_type=product&#038;p=4740"},"modified":"2021-05-02T15:20:40","modified_gmt":"2021-05-02T15:20:40","slug":"medidor-de-durezas-combinado-leeb-uci-modelo-t-ud2","status":"publish","type":"product","link":"https:\/\/end.pt\/pt\/product\/medidor-de-durezas-combinado-leeb-uci-modelo-t-ud2\/","title":{"rendered":"MEDIDOR DE DUREZAS COMBINADO LEEB\/UCI \u2013 Modelo T-UD2"},"content":{"rendered":"<p>O dur\u00f3metro port\u00e1til combinado T-UD2 foi desenhado para medi\u00e7\u00f5es r\u00e1pidas n\u00e3o destrutivas da dureza de metais e ligas em escalas internacionais de dureza. Pode tamb\u00e9m utilizar a escala de resist\u00eancia \u00e0 tra\u00e7\u00e3o (Rm) para determinar a for\u00e7a de tens\u00e3o de produtos ao recalcular automaticamente a partir da escala de dureza Brinell (HB).<\/p>\n<p>Utiliza os dois m\u00e9todos de ensaio: ressalto\/Leeb (ASTM A956) e imped\u00e2ncia de contacto ultra-s\u00f3nico UCI (ASTM A1038). A combina\u00e7\u00e3o de ambos os m\u00e9todos permite ao utilizador resolver praticamente qualquer ensaio de dureza.<\/p>\n<p>Com este modelo, o utilizador pode medir a dureza de grandes objectos com superf\u00edcie \u00e1spera bem como de pequenas amostras de formas complexas e com parede fina.<\/p>\n<p>Utilizando a sonda din\u00e2mica Leeb \u00e9 poss\u00edvel medir a dureza de v\u00e1rios materiais como a\u00e7os, ferro fundido, a\u00e7os inoxid\u00e1veis, alum\u00ednio, em todas as principais escalas &#8211; Rockwell, Brinell e Vickers, bem como permite avaliar a resist\u00eancia \u00e0 tra\u00e7\u00e3o. Se necess\u00e1rio, o utilizador pode criar uma calibra\u00e7\u00e3o adicional para qualquer escala e material.<\/p>\n<p>Al\u00e9m disso o m\u00e9todo Leeb \u00e9 menos exigente quanto \u00e0 uniformidade de materiais e rugosidade da superf\u00edcie, o que permite ao utilizador medir a dureza de uma ampla gama de ligas, bem como testar produtos sem antes preparar a superf\u00edcie da \u00e1rea de teste.<\/p>\n<p>Utilizando o m\u00e9todo de imped\u00e2ncia de contato ultras\u00f3nico (UCI), o dur\u00f3metro combinado T-UD2 pode medir a dureza de objectos com espessuras de 1 mm (ou mais finas com um acess\u00f3rio adicional).<\/p>\n<p>A sonda UCI permite medi\u00e7\u00f5es de pequenos produtos desde 100gr sem manipula\u00e7\u00f5es adicionais (e menores ainda ao fixar as amostras num acess\u00f3rio).<\/p>\n<p>Devido \u00e0 pequena \u00e1rea de medi\u00e7\u00e3o de contato, \u00e9 poss\u00edvel com uma sonda ultra-s\u00f3nica (UCI) medir a dureza de produtos em ranhuras, dentes de engrenagem e, utilizando um acess\u00f3rio especial, torna-se poss\u00edvel medir com precis\u00e3o a dureza das superf\u00edcies do raio e at\u00e9 a dureza do fio.<\/p>\n<p>Equipamento muito resistente e robusto, com uma capa protectora de silicone \u00e0 prova de choque. O display \u00e9 vis\u00edvel ao Sol, e quando utilizado no escuro possui uma luz de fundo ajust\u00e1vel. Pode ser utilizado tanto no frio (at\u00e9 -25\u00baC) como em condi\u00e7\u00f5es de altas temperaturas.<\/p>\n<p>Est\u00e3o dispon\u00edveis ainda v\u00e1rias sondas de diversos tipos, tanto tipo Leeb como tipo UCI, compat\u00edveis com o dur\u00f3metro, de acordo com os requisitos de medi\u00e7\u00e3o de dureza.<\/p>\n<p>O medidor de dureza Leeb T-UD2 possui ainda um software especial para transfer\u00eancia e gest\u00e3o das medi\u00e7\u00f5es.<\/p>\n","protected":false},"excerpt":{"rendered":"<p>O dur\u00f3metro port\u00e1til combinado T-UD2 foi desenhado para medi\u00e7\u00f5es r\u00e1pidas n\u00e3o destrutivas da dureza de metais e ligas em escalas internacionais de dureza. Pode tamb\u00e9m utilizar a escala de resist\u00eancia \u00e0 tra\u00e7\u00e3o (Rm) para determinar a for\u00e7a de tens\u00e3o de produtos ao recalcular automaticamente a partir da escala de dureza Brinell (HB). Utiliza os dois [&hellip;]<\/p>\n","protected":false},"featured_media":4750,"template":"","meta":{"_mi_skip_tracking":false},"product_cat":[43],"product_tag":[],"class_list":["post-4740","product","type-product","status-publish","has-post-thumbnail","hentry","product_cat-durometros"],"_links":{"self":[{"href":"https:\/\/end.pt\/pt\/wp-json\/wp\/v3\/product\/4740","targetHints":{"allow":["GET"]}}],"collection":[{"href":"https:\/\/end.pt\/pt\/wp-json\/wp\/v3\/product"}],"about":[{"href":"https:\/\/end.pt\/pt\/wp-json\/wp\/v2\/types\/product"}],"version-history":[{"count":3,"href":"https:\/\/end.pt\/pt\/wp-json\/wp\/v3\/product\/4740\/revisions"}],"predecessor-version":[{"id":4958,"href":"https:\/\/end.pt\/pt\/wp-json\/wp\/v3\/product\/4740\/revisions\/4958"}],"wp:featuredmedia":[{"embeddable":true,"href":"https:\/\/end.pt\/pt\/wp-json\/wp\/v2\/media\/4750"}],"wp:attachment":[{"href":"https:\/\/end.pt\/pt\/wp-json\/wp\/v2\/media?parent=4740"}],"wp:term":[{"taxonomy":"product_cat","embeddable":true,"href":"https:\/\/end.pt\/pt\/wp-json\/wp\/v2\/product_cat?post=4740"},{"taxonomy":"product_tag","embeddable":true,"href":"https:\/\/end.pt\/pt\/wp-json\/wp\/v2\/product_tag?post=4740"}],"curies":[{"name":"wp","href":"https:\/\/api.w.org\/{rel}","templated":true}]}}