{"id":48,"date":"2018-02-09T22:19:33","date_gmt":"2018-02-09T22:19:33","guid":{"rendered":"https:\/\/end.pt\/pt\/?post_type=product&#038;p=48"},"modified":"2021-05-02T22:43:56","modified_gmt":"2021-05-02T22:43:56","slug":"escantilhao-de-soldadura-multifuncoes-ref-a-cat-30","status":"publish","type":"product","link":"https:\/\/end.pt\/pt\/product\/escantilhao-de-soldadura-multifuncoes-ref-a-cat-30\/","title":{"rendered":"Escantilh\u00e3o de Soldadura Multi-Fun\u00e7\u00f5es (REF.\u00aa CAT 30)"},"content":{"rendered":"<p>Escantilh\u00e3o em a\u00e7o inox composto por escala principal, medidor de altura, medidor da profundidade do entalhe<br \/>\ne medidor multi-fun\u00e7\u00e3o.<br \/>\nUtilizado para medi\u00e7\u00e3o do \u00e2ngulo de chanfro, altura, largura, abertura e profundidade do entalhe de uma soldadura.<\/p>\n","protected":false},"excerpt":{"rendered":"<p>Escantilh\u00e3o em a\u00e7o inox composto por escala principal, medidor de altura, medidor da profundidade do entalhe e medidor multi-fun\u00e7\u00e3o. Utilizado para medi\u00e7\u00e3o do \u00e2ngulo de chanfro, altura, largura, abertura e profundidade do entalhe de uma soldadura.<\/p>\n","protected":false},"featured_media":2293,"template":"","meta":{"_mi_skip_tracking":false},"product_cat":[20,24],"product_tag":[],"class_list":["post-48","product","type-product","status-publish","has-post-thumbnail","hentry","product_cat-ensaios-visuais","product_cat-escantilhoes-de-soldadura"],"_links":{"self":[{"href":"https:\/\/end.pt\/pt\/wp-json\/wp\/v3\/product\/48","targetHints":{"allow":["GET"]}}],"collection":[{"href":"https:\/\/end.pt\/pt\/wp-json\/wp\/v3\/product"}],"about":[{"href":"https:\/\/end.pt\/pt\/wp-json\/wp\/v2\/types\/product"}],"version-history":[{"count":2,"href":"https:\/\/end.pt\/pt\/wp-json\/wp\/v3\/product\/48\/revisions"}],"predecessor-version":[{"id":5356,"href":"https:\/\/end.pt\/pt\/wp-json\/wp\/v3\/product\/48\/revisions\/5356"}],"wp:featuredmedia":[{"embeddable":true,"href":"https:\/\/end.pt\/pt\/wp-json\/wp\/v2\/media\/2293"}],"wp:attachment":[{"href":"https:\/\/end.pt\/pt\/wp-json\/wp\/v2\/media?parent=48"}],"wp:term":[{"taxonomy":"product_cat","embeddable":true,"href":"https:\/\/end.pt\/pt\/wp-json\/wp\/v2\/product_cat?post=48"},{"taxonomy":"product_tag","embeddable":true,"href":"https:\/\/end.pt\/pt\/wp-json\/wp\/v2\/product_tag?post=48"}],"curies":[{"name":"wp","href":"https:\/\/api.w.org\/{rel}","templated":true}]}}